{"id":29292,"date":"2023-11-04T01:40:35","date_gmt":"2023-11-04T00:40:35","guid":{"rendered":"http:\/\/innocentiemangonipiante.it\/liquidambar-styraciflua-slender-silhouette-2\/"},"modified":"2023-10-06T12:40:46","modified_gmt":"2023-10-06T10:40:46","slug":"liquidambar-styraciflua-slender-silhouette-2","status":"publish","type":"product","link":"https:\/\/innocentiemangonipiante.it\/es\/liquidambar-styraciflua-slender-silhouette-2\/","title":{"rendered":"LIQUIDAMBAR styraciflua &#8216;Slender Silhouette&#8217;"},"content":{"rendered":"<p>\u00c1rbol muy estrecho, perfecto para peque\u00f1os jardines y avenidas estrechas. Hojas profundamente lobadas de color verde oscuro que se ti\u00f1en de rojo vino en oto\u00f1o.<\/p>\n","protected":false},"excerpt":{"rendered":"<p>\u00c1rbol muy estrecho, perfecto para peque\u00f1os jardines y avenidas estrechas. Hojas profundamente lobadas de color verde oscuro que se ti\u00f1en de rojo vino en oto\u00f1o.<\/p>\n","protected":false},"featured_media":22969,"template":"","meta":{"_acf_changed":false},"product_brand":[],"product_cat":[8814],"product_tag":[10899],"class_list":{"0":"post-29292","1":"product","2":"type-product","3":"status-publish","4":"has-post-thumbnail","6":"product_cat-arboles-y-arbustos-de-hoja-caduca","7":"product_tag-natural-es","8":"pa_altezza-massima-15-metros","9":"pa_altezza-massima-20-metros","10":"pa_colore-fioritura-blanco","11":"pa_famiglia-hamamelidaceae-es","12":"pa_genere-liquidambar-es","13":"pa_origine-origine-delle-piante-u-s-a-es","14":"pa_periodo-fioritura-abril","15":"pa_periodo-fioritura-marzo-es","16":"pa_portamento-conico-es","17":"pa_resistenza-climatica-muy-elevada","18":"pa_resistenza-del-suolo-resistente-a-la-humedad","19":"pa_resistenza-del-suolo-resistente-a-los-suelos-calcareos","20":"pa_utilizzo-avenidas","21":"pa_utilizzo-parques","23":"first","24":"instock","25":"purchasable","26":"product-type-simple"},"acf":[],"_links":{"self":[{"href":"https:\/\/innocentiemangonipiante.it\/es\/wp-json\/wp\/v2\/product\/29292","targetHints":{"allow":["GET"]}}],"collection":[{"href":"https:\/\/innocentiemangonipiante.it\/es\/wp-json\/wp\/v2\/product"}],"about":[{"href":"https:\/\/innocentiemangonipiante.it\/es\/wp-json\/wp\/v2\/types\/product"}],"wp:featuredmedia":[{"embeddable":true,"href":"https:\/\/innocentiemangonipiante.it\/es\/wp-json\/wp\/v2\/media\/22969"}],"wp:attachment":[{"href":"https:\/\/innocentiemangonipiante.it\/es\/wp-json\/wp\/v2\/media?parent=29292"}],"wp:term":[{"taxonomy":"product_brand","embeddable":true,"href":"https:\/\/innocentiemangonipiante.it\/es\/wp-json\/wp\/v2\/product_brand?post=29292"},{"taxonomy":"product_cat","embeddable":true,"href":"https:\/\/innocentiemangonipiante.it\/es\/wp-json\/wp\/v2\/product_cat?post=29292"},{"taxonomy":"product_tag","embeddable":true,"href":"https:\/\/innocentiemangonipiante.it\/es\/wp-json\/wp\/v2\/product_tag?post=29292"}],"curies":[{"name":"wp","href":"https:\/\/api.w.org\/{rel}","templated":true}]}}