{"id":29324,"date":"2023-11-04T01:44:30","date_gmt":"2023-11-04T00:44:30","guid":{"rendered":"http:\/\/innocentiemangonipiante.it\/magnolia-yulan-2\/"},"modified":"2023-10-06T12:41:30","modified_gmt":"2023-10-06T10:41:30","slug":"magnolia-yulan-2","status":"publish","type":"product","link":"https:\/\/innocentiemangonipiante.it\/es\/magnolia-yulan-2\/","title":{"rendered":"MAGNOLIA &#8216;Yulan&#8217;"},"content":{"rendered":"<p>Arbuste ou arbre \u00e0 feuille caduque portant des feuilles oblongues et lanc\u00e9ol\u00e9es. Au printemps, avant les feuilles, apparaissent des fleurs blanches immacul\u00e9es en forme de coupe.<\/p>\n","protected":false},"excerpt":{"rendered":"<p>Arbuste ou arbre \u00e0 feuille caduque portant des feuilles oblongues et lanc\u00e9ol\u00e9es. Au printemps, avant les feuilles, apparaissent des fleurs blanches immacul\u00e9es en forme de coupe.<\/p>\n","protected":false},"featured_media":3975,"template":"","meta":{"_acf_changed":false},"product_brand":[],"product_cat":[8815],"product_tag":[10899,8566,8402],"class_list":{"0":"post-29324","1":"product","2":"type-product","3":"status-publish","4":"has-post-thumbnail","6":"product_cat-arboles-y-arbustos-persistentes","7":"product_tag-natural-es","8":"product_tag-medio-tallo","9":"product_tag-tallo-alto","10":"pa_altezza-massima-800-es","11":"pa_altezza-massima-1000-es-2","12":"pa_colore-fioritura-blanco","13":"pa_condizionamento-clt-es","14":"pa_condizionamento-placa","15":"pa_famiglia-magnoliaceae-es","16":"pa_genere-magnolia-es","17":"pa_origine-asia-oriental","18":"pa_periodo-fioritura-abril","19":"pa_periodo-fioritura-marzo-es","20":"pa_portamento-arrotondato-es","21":"pa_profumo-delicato-es","22":"pa_resistenza-climatica-media-elevada","23":"pa_resistenza-del-suolo-resistente-a-la-humedad","24":"pa_utilizzo-parques","25":"pa_utilizzo-pequenos-jardines","27":"first","28":"instock","29":"purchasable","30":"product-type-simple"},"acf":[],"_links":{"self":[{"href":"https:\/\/innocentiemangonipiante.it\/es\/wp-json\/wp\/v2\/product\/29324","targetHints":{"allow":["GET"]}}],"collection":[{"href":"https:\/\/innocentiemangonipiante.it\/es\/wp-json\/wp\/v2\/product"}],"about":[{"href":"https:\/\/innocentiemangonipiante.it\/es\/wp-json\/wp\/v2\/types\/product"}],"wp:featuredmedia":[{"embeddable":true,"href":"https:\/\/innocentiemangonipiante.it\/es\/wp-json\/wp\/v2\/media\/3975"}],"wp:attachment":[{"href":"https:\/\/innocentiemangonipiante.it\/es\/wp-json\/wp\/v2\/media?parent=29324"}],"wp:term":[{"taxonomy":"product_brand","embeddable":true,"href":"https:\/\/innocentiemangonipiante.it\/es\/wp-json\/wp\/v2\/product_brand?post=29324"},{"taxonomy":"product_cat","embeddable":true,"href":"https:\/\/innocentiemangonipiante.it\/es\/wp-json\/wp\/v2\/product_cat?post=29324"},{"taxonomy":"product_tag","embeddable":true,"href":"https:\/\/innocentiemangonipiante.it\/es\/wp-json\/wp\/v2\/product_tag?post=29324"}],"curies":[{"name":"wp","href":"https:\/\/api.w.org\/{rel}","templated":true}]}}