{"id":29338,"date":"2023-11-04T01:46:13","date_gmt":"2023-11-04T00:46:13","guid":{"rendered":"http:\/\/innocentiemangonipiante.it\/magnolia-liliflora-nigra\/"},"modified":"2023-10-06T12:42:12","modified_gmt":"2023-10-06T10:42:12","slug":"magnolia-liliflora-nigra","status":"publish","type":"product","link":"https:\/\/innocentiemangonipiante.it\/es\/magnolia-liliflora-nigra\/","title":{"rendered":"MAGNOLIA liliflora &#8216;Nigra&#8217;"},"content":{"rendered":"<p>Arbusto caduco con hojas de el\u00edpticas a ovadas de color verde oscuro. Desde mediados de primavera a mediados de verano produce flores en forma de c\u00e1liz de color rojo p\u00farpura.<\/p>\n","protected":false},"excerpt":{"rendered":"<p>Arbusto caduco con hojas de el\u00edpticas a ovadas de color verde oscuro. Desde mediados de primavera a mediados de verano produce flores en forma de c\u00e1liz de color rojo p\u00farpura.<\/p>\n","protected":false},"featured_media":3910,"template":"","meta":{"_acf_changed":false},"product_brand":[],"product_cat":[8815],"product_tag":[10899,8402],"class_list":{"0":"post-29338","1":"product","2":"type-product","3":"status-publish","4":"has-post-thumbnail","6":"product_cat-arboles-y-arbustos-persistentes","7":"product_tag-natural-es","8":"product_tag-tallo-alto","9":"pa_altezza-massima-300-es","10":"pa_altezza-massima-500-es","11":"pa_colore-fioritura-rojo","12":"pa_condizionamento-clt-es","13":"pa_condizionamento-placa","14":"pa_condizionamento-vs-es","15":"pa_famiglia-magnoliaceae-es","16":"pa_genere-magnolia-es","17":"pa_origine-asia-oriental","18":"pa_periodo-fioritura-abril","19":"pa_periodo-fioritura-julio","20":"pa_periodo-fioritura-junio","21":"pa_periodo-fioritura-mayo","22":"pa_portamento-eretto-es","23":"pa_profumo-delicato-es","24":"pa_resistenza-climatica-muy-elevada","25":"pa_utilizzo-parques","26":"pa_utilizzo-pequenos-jardines","28":"first","29":"instock","30":"purchasable","31":"product-type-simple"},"acf":[],"_links":{"self":[{"href":"https:\/\/innocentiemangonipiante.it\/es\/wp-json\/wp\/v2\/product\/29338","targetHints":{"allow":["GET"]}}],"collection":[{"href":"https:\/\/innocentiemangonipiante.it\/es\/wp-json\/wp\/v2\/product"}],"about":[{"href":"https:\/\/innocentiemangonipiante.it\/es\/wp-json\/wp\/v2\/types\/product"}],"wp:featuredmedia":[{"embeddable":true,"href":"https:\/\/innocentiemangonipiante.it\/es\/wp-json\/wp\/v2\/media\/3910"}],"wp:attachment":[{"href":"https:\/\/innocentiemangonipiante.it\/es\/wp-json\/wp\/v2\/media?parent=29338"}],"wp:term":[{"taxonomy":"product_brand","embeddable":true,"href":"https:\/\/innocentiemangonipiante.it\/es\/wp-json\/wp\/v2\/product_brand?post=29338"},{"taxonomy":"product_cat","embeddable":true,"href":"https:\/\/innocentiemangonipiante.it\/es\/wp-json\/wp\/v2\/product_cat?post=29338"},{"taxonomy":"product_tag","embeddable":true,"href":"https:\/\/innocentiemangonipiante.it\/es\/wp-json\/wp\/v2\/product_tag?post=29338"}],"curies":[{"name":"wp","href":"https:\/\/api.w.org\/{rel}","templated":true}]}}