{"id":29350,"date":"2023-11-04T01:47:23","date_gmt":"2023-11-04T00:47:23","guid":{"rendered":"http:\/\/innocentiemangonipiante.it\/magnolia-x-genie-2\/"},"modified":"2023-10-06T12:42:28","modified_gmt":"2023-10-06T10:42:28","slug":"magnolia-x-genie-2","status":"publish","type":"product","link":"https:\/\/innocentiemangonipiante.it\/es\/magnolia-x-genie-2\/","title":{"rendered":"MAGNOLIA x &#8216;Genie&#8217; \u00ae"},"content":{"rendered":"<p>Una de las m\u00e1s espectaculares variedades de Magnolia en el mundo. Tama\u00f1o, forma y color p\u00farpura oscuro de su flor hacen de esta planta un ejemplar \u00fanico en su g\u00e9nero.<\/p>\n","protected":false},"excerpt":{"rendered":"<p>Una de las m\u00e1s espectaculares variedades de Magnolia en el mundo. Tama\u00f1o, forma y color p\u00farpura oscuro de su flor hacen de esta planta un ejemplar \u00fanico en su g\u00e9nero.<\/p>\n","protected":false},"featured_media":23082,"template":"","meta":{"_acf_changed":false},"product_brand":[],"product_cat":[8815],"product_tag":[10899],"class_list":{"0":"post-29350","1":"product","2":"type-product","3":"status-publish","4":"has-post-thumbnail","6":"product_cat-arboles-y-arbustos-persistentes","7":"product_tag-natural-es","8":"pa_altezza-massima-300-es","9":"pa_altezza-massima-400-es","10":"pa_colore-fioritura-granate","11":"pa_famiglia-magnoliaceae-es","12":"pa_genere-magnolia-es","13":"pa_origine-nueva-zelanda-es","14":"pa_periodo-fioritura-abril","15":"pa_periodo-fioritura-marzo-es","16":"pa_portamento-eretto-es","17":"pa_profumo-delicato-es","18":"pa_resistenza-climatica-muy-elevada","19":"pa_resistenza-del-suolo-resistente-a-la-humedad","20":"pa_utilizzo-parques","21":"pa_utilizzo-pequenos-jardines","23":"first","24":"instock","25":"purchasable","26":"product-type-simple"},"acf":[],"_links":{"self":[{"href":"https:\/\/innocentiemangonipiante.it\/es\/wp-json\/wp\/v2\/product\/29350","targetHints":{"allow":["GET"]}}],"collection":[{"href":"https:\/\/innocentiemangonipiante.it\/es\/wp-json\/wp\/v2\/product"}],"about":[{"href":"https:\/\/innocentiemangonipiante.it\/es\/wp-json\/wp\/v2\/types\/product"}],"wp:featuredmedia":[{"embeddable":true,"href":"https:\/\/innocentiemangonipiante.it\/es\/wp-json\/wp\/v2\/media\/23082"}],"wp:attachment":[{"href":"https:\/\/innocentiemangonipiante.it\/es\/wp-json\/wp\/v2\/media?parent=29350"}],"wp:term":[{"taxonomy":"product_brand","embeddable":true,"href":"https:\/\/innocentiemangonipiante.it\/es\/wp-json\/wp\/v2\/product_brand?post=29350"},{"taxonomy":"product_cat","embeddable":true,"href":"https:\/\/innocentiemangonipiante.it\/es\/wp-json\/wp\/v2\/product_cat?post=29350"},{"taxonomy":"product_tag","embeddable":true,"href":"https:\/\/innocentiemangonipiante.it\/es\/wp-json\/wp\/v2\/product_tag?post=29350"}],"curies":[{"name":"wp","href":"https:\/\/api.w.org\/{rel}","templated":true}]}}