{"id":29380,"date":"2023-11-04T01:50:08","date_gmt":"2023-11-04T00:50:08","guid":{"rendered":"http:\/\/innocentiemangonipiante.it\/malus-coccinella-2\/"},"modified":"2023-10-06T12:43:07","modified_gmt":"2023-10-06T10:43:07","slug":"malus-coccinella-2","status":"publish","type":"product","link":"https:\/\/innocentiemangonipiante.it\/es\/malus-coccinella-2\/","title":{"rendered":"MALUS &#8216;Coccinella&#8217;"},"content":{"rendered":"<p>Peque\u00f1o \u00e1rbol caduco de follaje rojo p\u00farpura. A finales de primavera produce abundante cantidad de flores de color rosa seguidas por frutos rojos p\u00farpura.<\/p>\n","protected":false},"excerpt":{"rendered":"<p>Peque\u00f1o \u00e1rbol caduco de follaje rojo p\u00farpura. A finales de primavera produce abundante cantidad de flores de color rosa seguidas por frutos rojos p\u00farpura.<\/p>\n","protected":false},"featured_media":4020,"template":"","meta":{"_acf_changed":false},"product_brand":[],"product_cat":[8814,9232],"product_tag":[10899],"class_list":{"0":"post-29380","1":"product","2":"type-product","3":"status-publish","4":"has-post-thumbnail","6":"product_cat-arboles-y-arbustos-de-hoja-caduca","7":"product_cat-arboles-y-plantas-del-futuro","8":"product_tag-natural-es","9":"pa_altezza-massima-400-es","10":"pa_altezza-massima-600-es","11":"pa_colore-delle-foglie-rojas","12":"pa_colore-fioritura-rosado","13":"pa_famiglia-rosaceae-es","14":"pa_genere-malus-es","15":"pa_origine-francia","16":"pa_periodo-fioritura-abril","17":"pa_periodo-fioritura-marzo-es","18":"pa_periodo-fioritura-mayo","19":"pa_periodo-fruttificazione-octubre","20":"pa_periodo-fruttificazione-septiembre","21":"pa_portamento-arrotondato-es","22":"pa_resistenza-climatica-muy-elevada","23":"pa_resistenza-del-suolo-resistente-a-la-humedad","24":"pa_resistenza-del-suolo-resistente-a-los-suelos-calcareos","25":"pa_utilizzo-parques","26":"pa_utilizzo-pequenos-jardines","28":"first","29":"instock","30":"purchasable","31":"product-type-simple"},"acf":[],"_links":{"self":[{"href":"https:\/\/innocentiemangonipiante.it\/es\/wp-json\/wp\/v2\/product\/29380","targetHints":{"allow":["GET"]}}],"collection":[{"href":"https:\/\/innocentiemangonipiante.it\/es\/wp-json\/wp\/v2\/product"}],"about":[{"href":"https:\/\/innocentiemangonipiante.it\/es\/wp-json\/wp\/v2\/types\/product"}],"wp:featuredmedia":[{"embeddable":true,"href":"https:\/\/innocentiemangonipiante.it\/es\/wp-json\/wp\/v2\/media\/4020"}],"wp:attachment":[{"href":"https:\/\/innocentiemangonipiante.it\/es\/wp-json\/wp\/v2\/media?parent=29380"}],"wp:term":[{"taxonomy":"product_brand","embeddable":true,"href":"https:\/\/innocentiemangonipiante.it\/es\/wp-json\/wp\/v2\/product_brand?post=29380"},{"taxonomy":"product_cat","embeddable":true,"href":"https:\/\/innocentiemangonipiante.it\/es\/wp-json\/wp\/v2\/product_cat?post=29380"},{"taxonomy":"product_tag","embeddable":true,"href":"https:\/\/innocentiemangonipiante.it\/es\/wp-json\/wp\/v2\/product_tag?post=29380"}],"curies":[{"name":"wp","href":"https:\/\/api.w.org\/{rel}","templated":true}]}}