{"id":29382,"date":"2023-11-04T01:50:23","date_gmt":"2023-11-04T00:50:23","guid":{"rendered":"http:\/\/innocentiemangonipiante.it\/malus-john-downie-2\/"},"modified":"2023-10-06T12:43:11","modified_gmt":"2023-10-06T10:43:11","slug":"malus-john-downie-2","status":"publish","type":"product","link":"https:\/\/innocentiemangonipiante.it\/es\/malus-john-downie-2\/","title":{"rendered":"MALUS &#8216;John Downie&#8217;"},"content":{"rendered":"<p>\u00c1rbol caduco en forma c\u00f3nica, con hojas ovaladas de color verde. Las flores son blancas y se producen a finales de primavera, a continuaci\u00f3n frutos de peque\u00f1as dimensiones de color naranja-rojo.<\/p>\n","protected":false},"excerpt":{"rendered":"<p>\u00c1rbol caduco en forma c\u00f3nica, con hojas ovaladas de color verde. Las flores son blancas y se producen a finales de primavera, a continuaci\u00f3n frutos de peque\u00f1as dimensiones de color naranja-rojo.<\/p>\n","protected":false},"featured_media":23148,"template":"","meta":{"_acf_changed":false},"product_brand":[],"product_cat":[8814],"product_tag":[10899,8402],"class_list":{"0":"post-29382","1":"product","2":"type-product","3":"status-publish","4":"has-post-thumbnail","6":"product_cat-arboles-y-arbustos-de-hoja-caduca","7":"product_tag-natural-es","8":"product_tag-tallo-alto","9":"pa_altezza-massima-800-es","10":"pa_altezza-massima-1000-es-2","11":"pa_colore-fioritura-blanco","12":"pa_condizionamento-clt-es","13":"pa_condizionamento-placa","14":"pa_famiglia-rosaceae-es","15":"pa_genere-malus-es","16":"pa_origine-inglaterra","17":"pa_periodo-fioritura-abril","18":"pa_periodo-fioritura-mayo","19":"pa_periodo-fruttificazione-octubre","20":"pa_periodo-fruttificazione-septiembre","21":"pa_portamento-piramidale-es","22":"pa_resistenza-climatica-muy-elevada","23":"pa_resistenza-del-suolo-resistente-a-la-humedad","24":"pa_resistenza-del-suolo-resistente-a-los-suelos-calcareos","25":"pa_utilizzo-parques","26":"pa_utilizzo-pequenos-jardines","28":"first","29":"instock","30":"purchasable","31":"product-type-simple"},"acf":[],"_links":{"self":[{"href":"https:\/\/innocentiemangonipiante.it\/es\/wp-json\/wp\/v2\/product\/29382","targetHints":{"allow":["GET"]}}],"collection":[{"href":"https:\/\/innocentiemangonipiante.it\/es\/wp-json\/wp\/v2\/product"}],"about":[{"href":"https:\/\/innocentiemangonipiante.it\/es\/wp-json\/wp\/v2\/types\/product"}],"wp:featuredmedia":[{"embeddable":true,"href":"https:\/\/innocentiemangonipiante.it\/es\/wp-json\/wp\/v2\/media\/23148"}],"wp:attachment":[{"href":"https:\/\/innocentiemangonipiante.it\/es\/wp-json\/wp\/v2\/media?parent=29382"}],"wp:term":[{"taxonomy":"product_brand","embeddable":true,"href":"https:\/\/innocentiemangonipiante.it\/es\/wp-json\/wp\/v2\/product_brand?post=29382"},{"taxonomy":"product_cat","embeddable":true,"href":"https:\/\/innocentiemangonipiante.it\/es\/wp-json\/wp\/v2\/product_cat?post=29382"},{"taxonomy":"product_tag","embeddable":true,"href":"https:\/\/innocentiemangonipiante.it\/es\/wp-json\/wp\/v2\/product_tag?post=29382"}],"curies":[{"name":"wp","href":"https:\/\/api.w.org\/{rel}","templated":true}]}}