{"id":29407,"date":"2023-11-04T01:52:04","date_gmt":"2023-11-04T00:52:04","guid":{"rendered":"http:\/\/innocentiemangonipiante.it\/malus-communis-delbard-regali\/"},"modified":"2023-10-06T12:43:51","modified_gmt":"2023-10-06T10:43:51","slug":"malus-communis-delbard-regali","status":"publish","type":"product","link":"https:\/\/innocentiemangonipiante.it\/es\/malus-communis-delbard-regali\/","title":{"rendered":"MALUS COMMUNIS &#8216;Delbard Regali&#8217; \u00ae"},"content":{"rendered":"<p>Maduraci\u00f3n final septiembre-octubre. Fruto con piel roja, \u00f3ptimo para larga conservaci\u00f3n. (disponible tambi\u00e9n en espaldera)<\/p>\n","protected":false},"excerpt":{"rendered":"<p>Maduraci\u00f3n final septiembre-octubre. Fruto con piel roja, \u00f3ptimo para larga conservaci\u00f3n. (disponible tambi\u00e9n en espaldera)<\/p>\n","protected":false},"featured_media":23175,"template":"","meta":{"_acf_changed":false},"product_brand":[],"product_cat":[8810],"product_tag":[10899,8752,8737,8566],"class_list":{"0":"post-29407","1":"product","2":"type-product","3":"status-publish","4":"has-post-thumbnail","6":"product_cat-frutales","7":"product_tag-natural-es","8":"product_tag-atras","9":"product_tag-cuarto-de-tallo","10":"product_tag-medio-tallo","11":"pa_altezza-massima-500-es","12":"pa_altezza-massima-1000-es-2","13":"pa_arte-topiaria-disponible-planta-en-forma","14":"pa_colore-fioritura-blanco","15":"pa_condizionamento-clt-es","16":"pa_famiglia-rosaceae-es","17":"pa_genere-malus-communis-es","18":"pa_origine-francia","19":"pa_periodo-fioritura-abril","20":"pa_periodo-fruttificazione-octubre","21":"pa_portamento-arrotondato-es","22":"pa_resistenza-climatica-muy-elevada","23":"pa_resistenza-del-suolo-resistente-a-los-suelos-calcareos","24":"pa_utilizzo-pequenos-jardines","26":"first","27":"instock","28":"purchasable","29":"product-type-simple"},"acf":[],"_links":{"self":[{"href":"https:\/\/innocentiemangonipiante.it\/es\/wp-json\/wp\/v2\/product\/29407","targetHints":{"allow":["GET"]}}],"collection":[{"href":"https:\/\/innocentiemangonipiante.it\/es\/wp-json\/wp\/v2\/product"}],"about":[{"href":"https:\/\/innocentiemangonipiante.it\/es\/wp-json\/wp\/v2\/types\/product"}],"wp:featuredmedia":[{"embeddable":true,"href":"https:\/\/innocentiemangonipiante.it\/es\/wp-json\/wp\/v2\/media\/23175"}],"wp:attachment":[{"href":"https:\/\/innocentiemangonipiante.it\/es\/wp-json\/wp\/v2\/media?parent=29407"}],"wp:term":[{"taxonomy":"product_brand","embeddable":true,"href":"https:\/\/innocentiemangonipiante.it\/es\/wp-json\/wp\/v2\/product_brand?post=29407"},{"taxonomy":"product_cat","embeddable":true,"href":"https:\/\/innocentiemangonipiante.it\/es\/wp-json\/wp\/v2\/product_cat?post=29407"},{"taxonomy":"product_tag","embeddable":true,"href":"https:\/\/innocentiemangonipiante.it\/es\/wp-json\/wp\/v2\/product_tag?post=29407"}],"curies":[{"name":"wp","href":"https:\/\/api.w.org\/{rel}","templated":true}]}}