{"id":29428,"date":"2023-11-04T01:53:28","date_gmt":"2023-11-04T00:53:28","guid":{"rendered":"http:\/\/innocentiemangonipiante.it\/malus-communis-pomzai\/"},"modified":"2023-10-06T12:44:07","modified_gmt":"2023-10-06T10:44:07","slug":"malus-communis-pomzai","status":"publish","type":"product","link":"https:\/\/innocentiemangonipiante.it\/es\/malus-communis-pomzai\/","title":{"rendered":"MALUS COMMUNIS &#8216;Pom&#8217;zai&#8217; \u00ae"},"content":{"rendered":"<p>Se trata de la versi\u00f3n enana del manzano Everest del cual mantiene las caracteristicas principales. Porte compacto, forma redondeada. Floraci\u00f3n en botones rosas y despu\u00e9s blancos. Frutos naranjas abundantes que se mantienen mucho tiempo sobre la planta.<\/p>\n","protected":false},"excerpt":{"rendered":"<p>Se trata de la versi\u00f3n enana del manzano Everest del cual mantiene las caracteristicas principales. Porte compacto, forma redondeada. Floraci\u00f3n en botones rosas y despu\u00e9s blancos. Frutos naranjas abundantes que se mantienen mucho tiempo sobre la planta.<\/p>\n","protected":false},"featured_media":23218,"template":"","meta":{"_acf_changed":false},"product_brand":[],"product_cat":[8810],"product_tag":[10899,8737],"class_list":{"0":"post-29428","1":"product","2":"type-product","3":"status-publish","4":"has-post-thumbnail","6":"product_cat-frutales","7":"product_tag-natural-es","8":"product_tag-cuarto-de-tallo","9":"pa_altezza-massima-150-es","10":"pa_altezza-massima-200-es","11":"pa_arte-topiaria-disponible-planta-en-forma","12":"pa_colore-fioritura-blanco","13":"pa_condizionamento-florero-cuadrado","14":"pa_famiglia-rosaceae-es","15":"pa_genere-malus-communis-es","16":"pa_origine-francia","17":"pa_periodo-fioritura-abril","18":"pa_periodo-fruttificazione-octubre","19":"pa_portamento-arrotondato-es","20":"pa_resistenza-climatica-muy-elevada","21":"pa_resistenza-del-suolo-resistente-a-la-humedad","22":"pa_resistenza-del-suolo-resistente-a-los-suelos-calcareos","23":"pa_utilizzo-pequenos-jardines","25":"first","26":"instock","27":"purchasable","28":"product-type-simple"},"acf":[],"_links":{"self":[{"href":"https:\/\/innocentiemangonipiante.it\/es\/wp-json\/wp\/v2\/product\/29428","targetHints":{"allow":["GET"]}}],"collection":[{"href":"https:\/\/innocentiemangonipiante.it\/es\/wp-json\/wp\/v2\/product"}],"about":[{"href":"https:\/\/innocentiemangonipiante.it\/es\/wp-json\/wp\/v2\/types\/product"}],"wp:featuredmedia":[{"embeddable":true,"href":"https:\/\/innocentiemangonipiante.it\/es\/wp-json\/wp\/v2\/media\/23218"}],"wp:attachment":[{"href":"https:\/\/innocentiemangonipiante.it\/es\/wp-json\/wp\/v2\/media?parent=29428"}],"wp:term":[{"taxonomy":"product_brand","embeddable":true,"href":"https:\/\/innocentiemangonipiante.it\/es\/wp-json\/wp\/v2\/product_brand?post=29428"},{"taxonomy":"product_cat","embeddable":true,"href":"https:\/\/innocentiemangonipiante.it\/es\/wp-json\/wp\/v2\/product_cat?post=29428"},{"taxonomy":"product_tag","embeddable":true,"href":"https:\/\/innocentiemangonipiante.it\/es\/wp-json\/wp\/v2\/product_tag?post=29428"}],"curies":[{"name":"wp","href":"https:\/\/api.w.org\/{rel}","templated":true}]}}