{"id":29435,"date":"2023-11-04T01:53:48","date_gmt":"2023-11-04T00:53:48","guid":{"rendered":"http:\/\/innocentiemangonipiante.it\/malus-communis-royal-gala\/"},"modified":"2023-10-06T12:44:11","modified_gmt":"2023-10-06T10:44:11","slug":"malus-communis-royal-gala","status":"publish","type":"product","link":"https:\/\/innocentiemangonipiante.it\/es\/malus-communis-royal-gala\/","title":{"rendered":"MALUS COMMUNIS &#8216;Royal Gala&#8217; \u00ae"},"content":{"rendered":"<p>\u00c1rbol muy vigoroso. Fruto rojo anaranjado. Pulpa compacta y crujiente. Maduraci\u00f3n en agosto. (disponible tambi\u00e9n en espaldera)<\/p>\n","protected":false},"excerpt":{"rendered":"<p>\u00c1rbol muy vigoroso. Fruto rojo anaranjado. Pulpa compacta y crujiente. Maduraci\u00f3n en agosto. (disponible tambi\u00e9n en espaldera)<\/p>\n","protected":false},"featured_media":23236,"template":"","meta":{"_acf_changed":false},"product_brand":[],"product_cat":[8810],"product_tag":[10899,8752,8737,8566],"class_list":{"0":"post-29435","1":"product","2":"type-product","3":"status-publish","4":"has-post-thumbnail","6":"product_cat-frutales","7":"product_tag-natural-es","8":"product_tag-atras","9":"product_tag-cuarto-de-tallo","10":"product_tag-medio-tallo","11":"pa_altezza-massima-500-es","12":"pa_altezza-massima-1000-es-2","13":"pa_colore-fioritura-blanco","14":"pa_condizionamento-clt-es","15":"pa_famiglia-rosaceae-es","16":"pa_genere-malus-communis-es","17":"pa_origine-oriente-medio","18":"pa_periodo-fioritura-abril","19":"pa_periodo-fruttificazione-agosto-es","20":"pa_periodo-fruttificazione-septiembre","21":"pa_portamento-arrotondato-es","22":"pa_resistenza-climatica-muy-elevada","23":"pa_resistenza-del-suolo-resistente-a-los-suelos-calcareos","24":"pa_utilizzo-pequenos-jardines","26":"first","27":"instock","28":"purchasable","29":"product-type-simple"},"acf":[],"_links":{"self":[{"href":"https:\/\/innocentiemangonipiante.it\/es\/wp-json\/wp\/v2\/product\/29435","targetHints":{"allow":["GET"]}}],"collection":[{"href":"https:\/\/innocentiemangonipiante.it\/es\/wp-json\/wp\/v2\/product"}],"about":[{"href":"https:\/\/innocentiemangonipiante.it\/es\/wp-json\/wp\/v2\/types\/product"}],"wp:featuredmedia":[{"embeddable":true,"href":"https:\/\/innocentiemangonipiante.it\/es\/wp-json\/wp\/v2\/media\/23236"}],"wp:attachment":[{"href":"https:\/\/innocentiemangonipiante.it\/es\/wp-json\/wp\/v2\/media?parent=29435"}],"wp:term":[{"taxonomy":"product_brand","embeddable":true,"href":"https:\/\/innocentiemangonipiante.it\/es\/wp-json\/wp\/v2\/product_brand?post=29435"},{"taxonomy":"product_cat","embeddable":true,"href":"https:\/\/innocentiemangonipiante.it\/es\/wp-json\/wp\/v2\/product_cat?post=29435"},{"taxonomy":"product_tag","embeddable":true,"href":"https:\/\/innocentiemangonipiante.it\/es\/wp-json\/wp\/v2\/product_tag?post=29435"}],"curies":[{"name":"wp","href":"https:\/\/api.w.org\/{rel}","templated":true}]}}