{"id":29451,"date":"2023-11-04T01:55:16","date_gmt":"2023-11-04T00:55:16","guid":{"rendered":"http:\/\/innocentiemangonipiante.it\/mespilus-germanica\/"},"modified":"2023-10-06T12:44:28","modified_gmt":"2023-10-06T10:44:28","slug":"mespilus-germanica","status":"publish","type":"product","link":"https:\/\/innocentiemangonipiante.it\/es\/mespilus-germanica\/","title":{"rendered":"MESPILUS germanica"},"content":{"rendered":"<p>Peque\u00f1o \u00e1rbol bastante popular para la producci\u00f3n de n\u00edsperos. En este caso proponemos una nueva versi\u00f3n como \u00e1rbol decorativo. Las hojas son grandes, ovaladas, de color verde oscuro en la p\u00e1gina superior, casi blancas en la parte inferior. En primavera produce flores solitarias blancas, encima de los nuevos brotes. En oto\u00f1o produce frutos redondeados, de color naranja intenso.<\/p>\n","protected":false},"excerpt":{"rendered":"<p>Peque\u00f1o \u00e1rbol bastante popular para la producci\u00f3n de n\u00edsperos. En este caso proponemos una nueva versi\u00f3n como \u00e1rbol decorativo. Las hojas son grandes, ovaladas, de color verde oscuro en la p\u00e1gina superior, casi blancas en la parte inferior. En primavera produce flores solitarias blancas, encima de los nuevos brotes. En oto\u00f1o produce frutos redondeados, de [&hellip;]<\/p>\n","protected":false},"featured_media":23257,"template":"","meta":{"_acf_changed":false},"product_brand":[],"product_cat":[8810],"product_tag":[10899],"class_list":{"0":"post-29451","1":"product","2":"type-product","3":"status-publish","4":"has-post-thumbnail","6":"product_cat-frutales","7":"product_tag-natural-es","8":"pa_altezza-massima-400-es","9":"pa_altezza-massima-600-es","10":"pa_colore-fioritura-blanco","11":"pa_famiglia-rosaceae-es","12":"pa_genere-mespilus-es","13":"pa_origine-caucaso-es","14":"pa_periodo-fioritura-abril","15":"pa_periodo-fruttificazione-octubre","16":"pa_portamento-arrotondato-es","17":"pa_resistenza-climatica-muy-elevada","18":"pa_resistenza-del-suolo-resistente-a-los-suelos-calcareos","19":"pa_resistenza-del-suolo-resistente-a-los-suelos-secos","20":"pa_utilizzo-parques","21":"pa_utilizzo-pequenos-jardines","23":"first","24":"instock","25":"purchasable","26":"product-type-simple"},"acf":[],"_links":{"self":[{"href":"https:\/\/innocentiemangonipiante.it\/es\/wp-json\/wp\/v2\/product\/29451","targetHints":{"allow":["GET"]}}],"collection":[{"href":"https:\/\/innocentiemangonipiante.it\/es\/wp-json\/wp\/v2\/product"}],"about":[{"href":"https:\/\/innocentiemangonipiante.it\/es\/wp-json\/wp\/v2\/types\/product"}],"wp:featuredmedia":[{"embeddable":true,"href":"https:\/\/innocentiemangonipiante.it\/es\/wp-json\/wp\/v2\/media\/23257"}],"wp:attachment":[{"href":"https:\/\/innocentiemangonipiante.it\/es\/wp-json\/wp\/v2\/media?parent=29451"}],"wp:term":[{"taxonomy":"product_brand","embeddable":true,"href":"https:\/\/innocentiemangonipiante.it\/es\/wp-json\/wp\/v2\/product_brand?post=29451"},{"taxonomy":"product_cat","embeddable":true,"href":"https:\/\/innocentiemangonipiante.it\/es\/wp-json\/wp\/v2\/product_cat?post=29451"},{"taxonomy":"product_tag","embeddable":true,"href":"https:\/\/innocentiemangonipiante.it\/es\/wp-json\/wp\/v2\/product_tag?post=29451"}],"curies":[{"name":"wp","href":"https:\/\/api.w.org\/{rel}","templated":true}]}}