{"id":29485,"date":"2023-11-04T01:58:27","date_gmt":"2023-11-04T00:58:27","guid":{"rendered":"http:\/\/innocentiemangonipiante.it\/morus-platanifolia-fruitless-2\/"},"modified":"2023-10-06T12:45:21","modified_gmt":"2023-10-06T10:45:21","slug":"morus-platanifolia-fruitless-2","status":"publish","type":"product","link":"https:\/\/innocentiemangonipiante.it\/es\/morus-platanifolia-fruitless-2\/","title":{"rendered":"MORUS platanifolia &#8216;Fruitless&#8217;"},"content":{"rendered":"<p>Selecci\u00f3n est\u00e9ril del Morus Platanifolia. Hojas profundamente lobadas. De porte erguido. Corteza lisa de color gris-bruno. En primavera produce abundantes peque\u00f1as flores blancas, sobre amentos colgantes, despu\u00e9s peque\u00f1os frutos que la planta aborta antes de llegar a maduraci\u00f3n. En condiciones extremas puede ser que los frutos sean llevados hasta maduraci\u00f3n.<\/p>\n","protected":false},"excerpt":{"rendered":"<p>Selecci\u00f3n est\u00e9ril del Morus Platanifolia. Hojas profundamente lobadas. De porte erguido. Corteza lisa de color gris-bruno. En primavera produce abundantes peque\u00f1as flores blancas, sobre amentos colgantes, despu\u00e9s peque\u00f1os frutos que la planta aborta antes de llegar a maduraci\u00f3n. En condiciones extremas puede ser que los frutos sean llevados hasta maduraci\u00f3n.<\/p>\n","protected":false},"featured_media":23361,"template":"","meta":{"_acf_changed":false},"product_brand":[],"product_cat":[8814,9232],"product_tag":[10899,8402,8434],"class_list":{"0":"post-29485","1":"product","2":"type-product","3":"status-publish","4":"has-post-thumbnail","6":"product_cat-arboles-y-arbustos-de-hoja-caduca","7":"product_cat-arboles-y-plantas-del-futuro","8":"product_tag-natural-es","9":"product_tag-tallo-alto","10":"product_tag-techo-de-tronco-alto","11":"pa_altezza-massima-600-es","12":"pa_altezza-massima-12-metros","13":"pa_colore-fioritura-blanco","14":"pa_condizionamento-clt-es","15":"pa_condizionamento-placa","16":"pa_famiglia-moraceae-es","17":"pa_genere-morus-es","18":"pa_inquinamento-resistente-al-smog","19":"pa_origine-europe-es","20":"pa_periodo-fioritura-abril","21":"pa_portamento-arrotondato-es","22":"pa_resistenza-climatica-muy-elevada","23":"pa_resistenza-del-suolo-resistente-a-los-suelos-calcareos","24":"pa_resistenza-del-suolo-resistente-a-los-suelos-pobres","25":"pa_resistenza-del-suolo-resistente-a-los-suelos-secos","26":"pa_salinita-resistente-alla-salsedine-es","27":"pa_utilizzo-parques","29":"first","30":"instock","31":"purchasable","32":"product-type-simple"},"acf":[],"_links":{"self":[{"href":"https:\/\/innocentiemangonipiante.it\/es\/wp-json\/wp\/v2\/product\/29485","targetHints":{"allow":["GET"]}}],"collection":[{"href":"https:\/\/innocentiemangonipiante.it\/es\/wp-json\/wp\/v2\/product"}],"about":[{"href":"https:\/\/innocentiemangonipiante.it\/es\/wp-json\/wp\/v2\/types\/product"}],"wp:featuredmedia":[{"embeddable":true,"href":"https:\/\/innocentiemangonipiante.it\/es\/wp-json\/wp\/v2\/media\/23361"}],"wp:attachment":[{"href":"https:\/\/innocentiemangonipiante.it\/es\/wp-json\/wp\/v2\/media?parent=29485"}],"wp:term":[{"taxonomy":"product_brand","embeddable":true,"href":"https:\/\/innocentiemangonipiante.it\/es\/wp-json\/wp\/v2\/product_brand?post=29485"},{"taxonomy":"product_cat","embeddable":true,"href":"https:\/\/innocentiemangonipiante.it\/es\/wp-json\/wp\/v2\/product_cat?post=29485"},{"taxonomy":"product_tag","embeddable":true,"href":"https:\/\/innocentiemangonipiante.it\/es\/wp-json\/wp\/v2\/product_tag?post=29485"}],"curies":[{"name":"wp","href":"https:\/\/api.w.org\/{rel}","templated":true}]}}