{"id":29491,"date":"2023-11-04T01:59:07","date_gmt":"2023-11-04T00:59:07","guid":{"rendered":"http:\/\/innocentiemangonipiante.it\/musa-basjoo-2\/"},"modified":"2023-10-06T12:45:27","modified_gmt":"2023-10-06T10:45:27","slug":"musa-basjoo-2","status":"publish","type":"product","link":"https:\/\/innocentiemangonipiante.it\/es\/musa-basjoo-2\/","title":{"rendered":"MUSA basjoo"},"content":{"rendered":"<p>Planta perenne, reto\u00f1ante con falsos tallos ahusados, antes verde despu\u00e9s parecido a papel con los a\u00f1os. Hojas arqueadas verde hasta 3 mt. En verano produce flores amarillo claro seguidas para frutos verdeamarillo hasta 6cm de longitud y de gusto desagradable.<\/p>\n","protected":false},"excerpt":{"rendered":"<p>Planta perenne, reto\u00f1ante con falsos tallos ahusados, antes verde despu\u00e9s parecido a papel con los a\u00f1os. Hojas arqueadas verde hasta 3 mt. En verano produce flores amarillo claro seguidas para frutos verdeamarillo hasta 6cm de longitud y de gusto desagradable.<\/p>\n","protected":false},"featured_media":23375,"template":"","meta":{"_acf_changed":false},"product_brand":[],"product_cat":[8831],"product_tag":[10899],"class_list":{"0":"post-29491","1":"product","2":"type-product","3":"status-publish","4":"has-post-thumbnail","6":"product_cat-palmaceas-y-suculentas","7":"product_tag-natural-es","8":"pa_altezza-massima-400-es","9":"pa_altezza-massima-600-es","10":"pa_colore-fioritura-amarillo","11":"pa_famiglia-musaceae-es","12":"pa_genere-musa-es","13":"pa_origine-asia-oriental","14":"pa_periodo-fioritura-agosto-es","15":"pa_periodo-fioritura-julio","16":"pa_periodo-fruttificazione-septiembre","17":"pa_portamento-eretto-es","18":"pa_resistenza-climatica-media","19":"pa_resistenza-del-suolo-resistente-a-la-humedad","20":"pa_utilizzo-parques","21":"pa_utilizzo-pequenos-jardines","23":"first","24":"instock","25":"purchasable","26":"product-type-simple"},"acf":[],"_links":{"self":[{"href":"https:\/\/innocentiemangonipiante.it\/es\/wp-json\/wp\/v2\/product\/29491","targetHints":{"allow":["GET"]}}],"collection":[{"href":"https:\/\/innocentiemangonipiante.it\/es\/wp-json\/wp\/v2\/product"}],"about":[{"href":"https:\/\/innocentiemangonipiante.it\/es\/wp-json\/wp\/v2\/types\/product"}],"wp:featuredmedia":[{"embeddable":true,"href":"https:\/\/innocentiemangonipiante.it\/es\/wp-json\/wp\/v2\/media\/23375"}],"wp:attachment":[{"href":"https:\/\/innocentiemangonipiante.it\/es\/wp-json\/wp\/v2\/media?parent=29491"}],"wp:term":[{"taxonomy":"product_brand","embeddable":true,"href":"https:\/\/innocentiemangonipiante.it\/es\/wp-json\/wp\/v2\/product_brand?post=29491"},{"taxonomy":"product_cat","embeddable":true,"href":"https:\/\/innocentiemangonipiante.it\/es\/wp-json\/wp\/v2\/product_cat?post=29491"},{"taxonomy":"product_tag","embeddable":true,"href":"https:\/\/innocentiemangonipiante.it\/es\/wp-json\/wp\/v2\/product_tag?post=29491"}],"curies":[{"name":"wp","href":"https:\/\/api.w.org\/{rel}","templated":true}]}}