{"id":29523,"date":"2023-11-04T02:03:38","date_gmt":"2023-11-04T01:03:38","guid":{"rendered":"http:\/\/innocentiemangonipiante.it\/olea-europaea-cipressino-2\/"},"modified":"2023-10-06T12:46:29","modified_gmt":"2023-10-06T10:46:29","slug":"olea-europaea-cipressino-2","status":"publish","type":"product","link":"https:\/\/innocentiemangonipiante.it\/es\/olea-europaea-cipressino-2\/","title":{"rendered":"OLEA europaea &#8216;Cipressino&#8217;"},"content":{"rendered":"<p>\u00c1rbol perennifolio de porte piramidal. Las hojas son finamente lanceoladas, de color verde gris y plateado el env\u00e9s. En verano produce flores blancas, en panojas, perfumadas, a continuaci\u00f3n frutos ovoides de verdes a p\u00farpuras, maduros son buenos para la producci\u00f3n de aceite. Resiste al viento.<\/p>\n","protected":false},"excerpt":{"rendered":"<p>\u00c1rbol perennifolio de porte piramidal. Las hojas son finamente lanceoladas, de color verde gris y plateado el env\u00e9s. En verano produce flores blancas, en panojas, perfumadas, a continuaci\u00f3n frutos ovoides de verdes a p\u00farpuras, maduros son buenos para la producci\u00f3n de aceite. Resiste al viento.<\/p>\n","protected":false},"featured_media":23477,"template":"","meta":{"_acf_changed":false},"product_brand":[],"product_cat":[8815],"product_tag":[10899,8537,8500,8402],"class_list":{"0":"post-29523","1":"product","2":"type-product","3":"status-publish","4":"has-post-thumbnail","6":"product_cat-arboles-y-arbustos-persistentes","7":"product_tag-natural-es","8":"product_tag-cono-es","9":"product_tag-multitronco-con-copa-sombrilla","10":"product_tag-tallo-alto","11":"pa_altezza-massima-800-es","12":"pa_altezza-massima-1000-es-2","13":"pa_colore-delle-foglie-grises-es","14":"pa_colore-fioritura-blanco","15":"pa_condizionamento-clt-es","16":"pa_condizionamento-vs-es","17":"pa_famiglia-oleaceae-es","18":"pa_genere-olea-es","19":"pa_origine-italia-es","20":"pa_periodo-fioritura-junio","21":"pa_periodo-fioritura-mayo","22":"pa_periodo-fruttificazione-octubre","23":"pa_portamento-piramidale-es","24":"pa_profumo-delicato-es","25":"pa_resistenza-climatica-media","26":"pa_utilizzo-parques","27":"pa_utilizzo-pequenos-jardines","29":"first","30":"instock","31":"purchasable","32":"product-type-simple"},"acf":[],"_links":{"self":[{"href":"https:\/\/innocentiemangonipiante.it\/es\/wp-json\/wp\/v2\/product\/29523","targetHints":{"allow":["GET"]}}],"collection":[{"href":"https:\/\/innocentiemangonipiante.it\/es\/wp-json\/wp\/v2\/product"}],"about":[{"href":"https:\/\/innocentiemangonipiante.it\/es\/wp-json\/wp\/v2\/types\/product"}],"wp:featuredmedia":[{"embeddable":true,"href":"https:\/\/innocentiemangonipiante.it\/es\/wp-json\/wp\/v2\/media\/23477"}],"wp:attachment":[{"href":"https:\/\/innocentiemangonipiante.it\/es\/wp-json\/wp\/v2\/media?parent=29523"}],"wp:term":[{"taxonomy":"product_brand","embeddable":true,"href":"https:\/\/innocentiemangonipiante.it\/es\/wp-json\/wp\/v2\/product_brand?post=29523"},{"taxonomy":"product_cat","embeddable":true,"href":"https:\/\/innocentiemangonipiante.it\/es\/wp-json\/wp\/v2\/product_cat?post=29523"},{"taxonomy":"product_tag","embeddable":true,"href":"https:\/\/innocentiemangonipiante.it\/es\/wp-json\/wp\/v2\/product_tag?post=29523"}],"curies":[{"name":"wp","href":"https:\/\/api.w.org\/{rel}","templated":true}]}}