{"id":29541,"date":"2023-11-04T02:05:09","date_gmt":"2023-11-04T01:05:09","guid":{"rendered":"http:\/\/innocentiemangonipiante.it\/osmanthus-heterophyllus-purpureus\/"},"modified":"2023-10-06T12:46:47","modified_gmt":"2023-10-06T10:46:47","slug":"osmanthus-heterophyllus-purpureus","status":"publish","type":"product","link":"https:\/\/innocentiemangonipiante.it\/es\/osmanthus-heterophyllus-purpureus\/","title":{"rendered":"OSMANTHUS heterophyllus &#8216;Purpureus&#8217;"},"content":{"rendered":"<p>Arbusto perenne de porte compacto con hojas el\u00edpticas, de bordes ondulados y espinosos, de coloraci\u00f3n verde oscuro. Las vegetaciones nuevas son de color negro-purp\u00fareo.<\/p>\n","protected":false},"excerpt":{"rendered":"<p>Arbusto perenne de porte compacto con hojas el\u00edpticas, de bordes ondulados y espinosos, de coloraci\u00f3n verde oscuro. Las vegetaciones nuevas son de color negro-purp\u00fareo.<\/p>\n","protected":false},"featured_media":23521,"template":"","meta":{"_acf_changed":false},"product_brand":[],"product_cat":[8815],"product_tag":[10899],"class_list":{"0":"post-29541","1":"product","2":"type-product","3":"status-publish","4":"has-post-thumbnail","6":"product_cat-arboles-y-arbustos-persistentes","7":"product_tag-natural-es","8":"pa_altezza-massima-300-es","9":"pa_altezza-massima-400-es","10":"pa_colore-fioritura-blanco","11":"pa_famiglia-oleaceae-es","12":"pa_genere-osmanthus-es","13":"pa_inquinamento-resistente-al-smog","14":"pa_origine-japon-es","15":"pa_periodo-fioritura-octubre","16":"pa_periodo-fioritura-septiembre","17":"pa_portamento-arrotondato-es","18":"pa_profumo-intenso-es","19":"pa_resistenza-climatica-media-elevada","20":"pa_resistenza-del-suolo-resistente-a-los-suelos-calcareos","21":"pa_utilizzo-parques","22":"pa_utilizzo-pequenos-jardines","24":"first","25":"instock","26":"purchasable","27":"product-type-simple"},"acf":[],"_links":{"self":[{"href":"https:\/\/innocentiemangonipiante.it\/es\/wp-json\/wp\/v2\/product\/29541","targetHints":{"allow":["GET"]}}],"collection":[{"href":"https:\/\/innocentiemangonipiante.it\/es\/wp-json\/wp\/v2\/product"}],"about":[{"href":"https:\/\/innocentiemangonipiante.it\/es\/wp-json\/wp\/v2\/types\/product"}],"wp:featuredmedia":[{"embeddable":true,"href":"https:\/\/innocentiemangonipiante.it\/es\/wp-json\/wp\/v2\/media\/23521"}],"wp:attachment":[{"href":"https:\/\/innocentiemangonipiante.it\/es\/wp-json\/wp\/v2\/media?parent=29541"}],"wp:term":[{"taxonomy":"product_brand","embeddable":true,"href":"https:\/\/innocentiemangonipiante.it\/es\/wp-json\/wp\/v2\/product_brand?post=29541"},{"taxonomy":"product_cat","embeddable":true,"href":"https:\/\/innocentiemangonipiante.it\/es\/wp-json\/wp\/v2\/product_cat?post=29541"},{"taxonomy":"product_tag","embeddable":true,"href":"https:\/\/innocentiemangonipiante.it\/es\/wp-json\/wp\/v2\/product_tag?post=29541"}],"curies":[{"name":"wp","href":"https:\/\/api.w.org\/{rel}","templated":true}]}}