{"id":29543,"date":"2023-11-04T02:05:49","date_gmt":"2023-11-04T01:05:49","guid":{"rendered":"http:\/\/innocentiemangonipiante.it\/ostrya-carpinifolia-2\/"},"modified":"2023-10-06T12:46:53","modified_gmt":"2023-10-06T10:46:53","slug":"ostrya-carpinifolia-2","status":"publish","type":"product","link":"https:\/\/innocentiemangonipiante.it\/es\/ostrya-carpinifolia-2\/","title":{"rendered":"OSTRYA carpinifolia"},"content":{"rendered":"<p>\u00c1rbol de porte de anchamente c\u00f3nico a redondeado, con hojas ovaladas, doblemente endentadas de color verde oscuro, hasta 10cm de longitud. Suporta la sequ\u00eda. El follaje toma una bonita coloraci\u00f3n amarilla relucente en oto\u00f1o.<\/p>\n","protected":false},"excerpt":{"rendered":"<p>\u00c1rbol de porte de anchamente c\u00f3nico a redondeado, con hojas ovaladas, doblemente endentadas de color verde oscuro, hasta 10cm de longitud. Suporta la sequ\u00eda. El follaje toma una bonita coloraci\u00f3n amarilla relucente en oto\u00f1o.<\/p>\n","protected":false},"featured_media":23531,"template":"","meta":{"_acf_changed":false},"product_brand":[],"product_cat":[8814,9232],"product_tag":[10899],"class_list":{"0":"post-29543","1":"product","2":"type-product","3":"status-publish","4":"has-post-thumbnail","6":"product_cat-arboles-y-arbustos-de-hoja-caduca","7":"product_cat-arboles-y-plantas-del-futuro","8":"product_tag-natural-es","9":"pa_altezza-massima-15-metros","10":"pa_altezza-massima-20-metros","11":"pa_colore-fioritura-blanco","12":"pa_famiglia-carpinaceae-es-2","13":"pa_genere-ostrya-es","14":"pa_inquinamento-resistente-al-smog","15":"pa_origine-europa-central","16":"pa_periodo-fioritura-abril","17":"pa_portamento-piramidale-es","18":"pa_resistenza-climatica-muy-elevada","19":"pa_resistenza-del-suolo-resistente-a-los-suelos-calcareos","20":"pa_resistenza-del-suolo-resistente-a-los-suelos-pobres","21":"pa_resistenza-del-suolo-resistente-a-los-suelos-secos","22":"pa_salinita-resistente-alla-salsedine-es","23":"pa_utilizzo-avenidas","24":"pa_utilizzo-parques","26":"first","27":"instock","28":"purchasable","29":"product-type-simple"},"acf":[],"_links":{"self":[{"href":"https:\/\/innocentiemangonipiante.it\/es\/wp-json\/wp\/v2\/product\/29543","targetHints":{"allow":["GET"]}}],"collection":[{"href":"https:\/\/innocentiemangonipiante.it\/es\/wp-json\/wp\/v2\/product"}],"about":[{"href":"https:\/\/innocentiemangonipiante.it\/es\/wp-json\/wp\/v2\/types\/product"}],"wp:featuredmedia":[{"embeddable":true,"href":"https:\/\/innocentiemangonipiante.it\/es\/wp-json\/wp\/v2\/media\/23531"}],"wp:attachment":[{"href":"https:\/\/innocentiemangonipiante.it\/es\/wp-json\/wp\/v2\/media?parent=29543"}],"wp:term":[{"taxonomy":"product_brand","embeddable":true,"href":"https:\/\/innocentiemangonipiante.it\/es\/wp-json\/wp\/v2\/product_brand?post=29543"},{"taxonomy":"product_cat","embeddable":true,"href":"https:\/\/innocentiemangonipiante.it\/es\/wp-json\/wp\/v2\/product_cat?post=29543"},{"taxonomy":"product_tag","embeddable":true,"href":"https:\/\/innocentiemangonipiante.it\/es\/wp-json\/wp\/v2\/product_tag?post=29543"}],"curies":[{"name":"wp","href":"https:\/\/api.w.org\/{rel}","templated":true}]}}