{"id":29571,"date":"2023-11-04T02:08:38","date_gmt":"2023-11-04T01:08:38","guid":{"rendered":"http:\/\/innocentiemangonipiante.it\/pennisetum-alopecuroides-hameln\/"},"modified":"2023-10-06T12:47:47","modified_gmt":"2023-10-06T10:47:47","slug":"pennisetum-alopecuroides-hameln","status":"publish","type":"product","link":"https:\/\/innocentiemangonipiante.it\/es\/pennisetum-alopecuroides-hameln\/","title":{"rendered":"PENNISETUM alopecuroides &#8216;Hameln&#8217;"},"content":{"rendered":"<p>Planta perenne, con hojas platas, lineales de color verde oscuro que vuelven en amarillo dorado en oto\u00f1o. El porte es compacto y la floraci\u00f3n precoz in panojas blanco-verde, despu\u00e9s gris-marr\u00f3n de 12 cm de longitud.<\/p>\n","protected":false},"excerpt":{"rendered":"<p>Planta perenne, con hojas platas, lineales de color verde oscuro que vuelven en amarillo dorado en oto\u00f1o. El porte es compacto y la floraci\u00f3n precoz in panojas blanco-verde, despu\u00e9s gris-marr\u00f3n de 12 cm de longitud.<\/p>\n","protected":false},"featured_media":23593,"template":"","meta":{"_acf_changed":false},"product_brand":[],"product_cat":[9792],"product_tag":[10899],"class_list":{"0":"post-29571","1":"product","2":"type-product","3":"status-publish","4":"has-post-thumbnail","6":"product_cat-gramineas","7":"product_tag-natural-es","8":"pa_altezza-massima-0_80-metros","9":"pa_altezza-massima-130-es","10":"pa_colore-fioritura-blanco","11":"pa_condizionamento-clt-es","12":"pa_famiglia-poaceae-es","13":"pa_genere-pennisetum-es","14":"pa_origine-asia-es","15":"pa_periodo-fioritura-abril","16":"pa_periodo-fioritura-mayo","17":"pa_portamento-eretto-es","18":"pa_resistenza-climatica-muy-elevada","19":"pa_resistenza-del-suolo-resistente-a-los-suelos-secos","20":"pa_utilizzo-balcones","21":"pa_utilizzo-parques","22":"pa_utilizzo-pequenos-jardines","24":"first","25":"instock","26":"purchasable","27":"product-type-simple"},"acf":[],"_links":{"self":[{"href":"https:\/\/innocentiemangonipiante.it\/es\/wp-json\/wp\/v2\/product\/29571","targetHints":{"allow":["GET"]}}],"collection":[{"href":"https:\/\/innocentiemangonipiante.it\/es\/wp-json\/wp\/v2\/product"}],"about":[{"href":"https:\/\/innocentiemangonipiante.it\/es\/wp-json\/wp\/v2\/types\/product"}],"wp:featuredmedia":[{"embeddable":true,"href":"https:\/\/innocentiemangonipiante.it\/es\/wp-json\/wp\/v2\/media\/23593"}],"wp:attachment":[{"href":"https:\/\/innocentiemangonipiante.it\/es\/wp-json\/wp\/v2\/media?parent=29571"}],"wp:term":[{"taxonomy":"product_brand","embeddable":true,"href":"https:\/\/innocentiemangonipiante.it\/es\/wp-json\/wp\/v2\/product_brand?post=29571"},{"taxonomy":"product_cat","embeddable":true,"href":"https:\/\/innocentiemangonipiante.it\/es\/wp-json\/wp\/v2\/product_cat?post=29571"},{"taxonomy":"product_tag","embeddable":true,"href":"https:\/\/innocentiemangonipiante.it\/es\/wp-json\/wp\/v2\/product_tag?post=29571"}],"curies":[{"name":"wp","href":"https:\/\/api.w.org\/{rel}","templated":true}]}}