{"id":29661,"date":"2023-11-04T02:20:08","date_gmt":"2023-11-04T01:20:08","guid":{"rendered":"http:\/\/innocentiemangonipiante.it\/pinus-densiflora-alice-verkade\/"},"modified":"2023-11-09T09:51:51","modified_gmt":"2023-11-09T08:51:51","slug":"pinus-densiflora-alice-verkade","status":"publish","type":"product","link":"https:\/\/innocentiemangonipiante.it\/es\/pinus-densiflora-alice-verkade\/","title":{"rendered":"PINUS densiflora &#8216;Alice Verkade&#8217;"},"content":{"rendered":"<p>Con\u00edfera densa con agujas largas de color verde claro y nuevos brotes verde p\u00e1lido. Se adapta bien en todos tipos de suelos, tambi\u00e9n calc\u00e1reos.<\/p>\n","protected":false},"excerpt":{"rendered":"<p>Con\u00edfera densa con agujas largas de color verde claro y nuevos brotes verde p\u00e1lido. Se adapta bien en todos tipos de suelos, tambi\u00e9n calc\u00e1reos.<\/p>\n","protected":false},"featured_media":23834,"template":"","meta":{"_acf_changed":false},"product_brand":[],"product_cat":[8826],"product_tag":[10899],"class_list":{"0":"post-29661","1":"product","2":"type-product","3":"status-publish","4":"has-post-thumbnail","6":"product_cat-coniferas","7":"product_tag-natural-es","8":"pa_altezza-massima-150-es","9":"pa_altezza-massima-200-es","10":"pa_famiglia-pinaceae-es","11":"pa_genere-pinus-es","12":"pa_inquinamento-resistente-al-smog","13":"pa_origine-origine-delle-piante-u-s-a-es","14":"pa_portamento-arrotondato-es","15":"pa_resistenza-climatica-muy-elevada","16":"pa_utilizzo-balcones","17":"pa_utilizzo-pequenos-jardines","19":"first","20":"instock","21":"purchasable","22":"product-type-simple"},"acf":[],"_links":{"self":[{"href":"https:\/\/innocentiemangonipiante.it\/es\/wp-json\/wp\/v2\/product\/29661","targetHints":{"allow":["GET"]}}],"collection":[{"href":"https:\/\/innocentiemangonipiante.it\/es\/wp-json\/wp\/v2\/product"}],"about":[{"href":"https:\/\/innocentiemangonipiante.it\/es\/wp-json\/wp\/v2\/types\/product"}],"wp:featuredmedia":[{"embeddable":true,"href":"https:\/\/innocentiemangonipiante.it\/es\/wp-json\/wp\/v2\/media\/23834"}],"wp:attachment":[{"href":"https:\/\/innocentiemangonipiante.it\/es\/wp-json\/wp\/v2\/media?parent=29661"}],"wp:term":[{"taxonomy":"product_brand","embeddable":true,"href":"https:\/\/innocentiemangonipiante.it\/es\/wp-json\/wp\/v2\/product_brand?post=29661"},{"taxonomy":"product_cat","embeddable":true,"href":"https:\/\/innocentiemangonipiante.it\/es\/wp-json\/wp\/v2\/product_cat?post=29661"},{"taxonomy":"product_tag","embeddable":true,"href":"https:\/\/innocentiemangonipiante.it\/es\/wp-json\/wp\/v2\/product_tag?post=29661"}],"curies":[{"name":"wp","href":"https:\/\/api.w.org\/{rel}","templated":true}]}}