{"id":29667,"date":"2023-11-04T02:20:41","date_gmt":"2023-11-04T01:20:41","guid":{"rendered":"http:\/\/innocentiemangonipiante.it\/pinus-leucodermis-compact-gem\/"},"modified":"2023-11-09T09:52:11","modified_gmt":"2023-11-09T08:52:11","slug":"pinus-leucodermis-compact-gem","status":"publish","type":"product","link":"https:\/\/innocentiemangonipiante.it\/es\/pinus-leucodermis-compact-gem\/","title":{"rendered":"PINUS leucodermis &#8216;Compact Gem&#8217;"},"content":{"rendered":"<p>Con\u00edfera a crecimiento lento, de porte c\u00f3nico y compacto. Las ramas son erguidas con agujas muy r\u00edgidas de color verde oscuro.<\/p>\n","protected":false},"excerpt":{"rendered":"<p>Con\u00edfera a crecimiento lento, de porte c\u00f3nico y compacto. Las ramas son erguidas con agujas muy r\u00edgidas de color verde oscuro.<\/p>\n","protected":false},"featured_media":23853,"template":"","meta":{"_acf_changed":false},"product_brand":[],"product_cat":[8826],"product_tag":[10899],"class_list":{"0":"post-29667","1":"product","2":"type-product","3":"status-publish","4":"has-post-thumbnail","6":"product_cat-coniferas","7":"product_tag-natural-es","8":"pa_altezza-massima-200-es","9":"pa_altezza-massima-400-es","10":"pa_famiglia-pinaceae-es","11":"pa_genere-pinus-es","12":"pa_inquinamento-resistente-al-smog","13":"pa_origine-inglaterra","14":"pa_portamento-conico-es","15":"pa_resistenza-climatica-muy-elevada","16":"pa_resistenza-del-suolo-resistente-a-los-suelos-calcareos","17":"pa_resistenza-del-suolo-resistente-a-los-suelos-secos","18":"pa_utilizzo-pequenos-jardines","20":"first","21":"instock","22":"purchasable","23":"product-type-simple"},"acf":[],"_links":{"self":[{"href":"https:\/\/innocentiemangonipiante.it\/es\/wp-json\/wp\/v2\/product\/29667","targetHints":{"allow":["GET"]}}],"collection":[{"href":"https:\/\/innocentiemangonipiante.it\/es\/wp-json\/wp\/v2\/product"}],"about":[{"href":"https:\/\/innocentiemangonipiante.it\/es\/wp-json\/wp\/v2\/types\/product"}],"wp:featuredmedia":[{"embeddable":true,"href":"https:\/\/innocentiemangonipiante.it\/es\/wp-json\/wp\/v2\/media\/23853"}],"wp:attachment":[{"href":"https:\/\/innocentiemangonipiante.it\/es\/wp-json\/wp\/v2\/media?parent=29667"}],"wp:term":[{"taxonomy":"product_brand","embeddable":true,"href":"https:\/\/innocentiemangonipiante.it\/es\/wp-json\/wp\/v2\/product_brand?post=29667"},{"taxonomy":"product_cat","embeddable":true,"href":"https:\/\/innocentiemangonipiante.it\/es\/wp-json\/wp\/v2\/product_cat?post=29667"},{"taxonomy":"product_tag","embeddable":true,"href":"https:\/\/innocentiemangonipiante.it\/es\/wp-json\/wp\/v2\/product_tag?post=29667"}],"curies":[{"name":"wp","href":"https:\/\/api.w.org\/{rel}","templated":true}]}}