{"id":29761,"date":"2023-11-04T02:34:07","date_gmt":"2023-11-04T01:34:07","guid":{"rendered":"http:\/\/innocentiemangonipiante.it\/prunus-serrulata-amanogawa-2\/"},"modified":"2023-11-09T10:03:35","modified_gmt":"2023-11-09T09:03:35","slug":"prunus-serrulata-amanogawa","status":"publish","type":"product","link":"https:\/\/innocentiemangonipiante.it\/es\/prunus-serrulata-amanogawa\/","title":{"rendered":"PRUNUS serrulata &#8216;Amanogawa&#8217;"},"content":{"rendered":"<p>\u00c1rbol caduco de porte estrechamente columnar. Las ramas erguidas producen flores alternadas, el\u00edpticas, puntiagudas, dentadas, bronceadas al inicio y de color verde oscuro despu\u00e9s. Desde finales de abril produce flores dobles de color rosa claro de 3-4 cm de di\u00e1metro.<\/p>\n","protected":false},"excerpt":{"rendered":"<p>\u00c1rbol caduco de porte estrechamente columnar. Las ramas erguidas producen flores alternadas, el\u00edpticas, puntiagudas, dentadas, bronceadas al inicio y de color verde oscuro despu\u00e9s. Desde finales de abril produce flores dobles de color rosa claro de 3-4 cm de di\u00e1metro.<\/p>\n","protected":false},"featured_media":24067,"template":"","meta":{"_acf_changed":false},"product_brand":[],"product_cat":[8814],"product_tag":[10899],"class_list":{"0":"post-29761","1":"product","2":"type-product","3":"status-publish","4":"has-post-thumbnail","6":"product_cat-arboles-y-arbustos-de-hoja-caduca","7":"product_tag-natural-es","8":"pa_altezza-massima-500-es","9":"pa_altezza-massima-800-es","10":"pa_colore-fioritura-rosado","11":"pa_famiglia-rosaceae-es","12":"pa_genere-prunus-es","13":"pa_inquinamento-resistente-al-smog","14":"pa_origine-asia-oriental","15":"pa_periodo-fioritura-abril","16":"pa_periodo-fioritura-mayo","17":"pa_portamento-de-columna-es","18":"pa_resistenza-climatica-muy-elevada","19":"pa_resistenza-del-suolo-resistente-a-los-suelos-calcareos","20":"pa_utilizzo-avenidas","21":"pa_utilizzo-parques","22":"pa_utilizzo-pequenos-jardines","24":"first","25":"instock","26":"purchasable","27":"product-type-simple"},"acf":[],"_links":{"self":[{"href":"https:\/\/innocentiemangonipiante.it\/es\/wp-json\/wp\/v2\/product\/29761","targetHints":{"allow":["GET"]}}],"collection":[{"href":"https:\/\/innocentiemangonipiante.it\/es\/wp-json\/wp\/v2\/product"}],"about":[{"href":"https:\/\/innocentiemangonipiante.it\/es\/wp-json\/wp\/v2\/types\/product"}],"wp:featuredmedia":[{"embeddable":true,"href":"https:\/\/innocentiemangonipiante.it\/es\/wp-json\/wp\/v2\/media\/24067"}],"wp:attachment":[{"href":"https:\/\/innocentiemangonipiante.it\/es\/wp-json\/wp\/v2\/media?parent=29761"}],"wp:term":[{"taxonomy":"product_brand","embeddable":true,"href":"https:\/\/innocentiemangonipiante.it\/es\/wp-json\/wp\/v2\/product_brand?post=29761"},{"taxonomy":"product_cat","embeddable":true,"href":"https:\/\/innocentiemangonipiante.it\/es\/wp-json\/wp\/v2\/product_cat?post=29761"},{"taxonomy":"product_tag","embeddable":true,"href":"https:\/\/innocentiemangonipiante.it\/es\/wp-json\/wp\/v2\/product_tag?post=29761"}],"curies":[{"name":"wp","href":"https:\/\/api.w.org\/{rel}","templated":true}]}}