{"id":29774,"date":"2023-11-04T02:36:59","date_gmt":"2023-11-04T01:36:59","guid":{"rendered":"http:\/\/innocentiemangonipiante.it\/prunus-armeniaca-precoce-cremonini\/"},"modified":"2023-11-09T10:05:58","modified_gmt":"2023-11-09T09:05:58","slug":"prunus-armeniaca-precoce-cremonini","status":"publish","type":"product","link":"https:\/\/innocentiemangonipiante.it\/es\/prunus-armeniaca-precoce-cremonini\/","title":{"rendered":"PRUNUS ARMENIACA &#8216;Precoce Cremonini&#8217;"},"content":{"rendered":"<p>\u00c1rbol precoz muy productivo, con frutos de tama\u00f1o mediano y color amarillo claro. La maduraci\u00f3n temprana se produce a principios de junio. Prefiere los climas c\u00e1lidos, tolera bien la sequ\u00eda, pero teme los humedales.<\/p>\n","protected":false},"excerpt":{"rendered":"<p>\u00c1rbol precoz muy productivo, con frutos de tama\u00f1o mediano y color amarillo claro. La maduraci\u00f3n temprana se produce a principios de junio. Prefiere los climas c\u00e1lidos, tolera bien la sequ\u00eda, pero teme los humedales.<\/p>\n","protected":false},"featured_media":0,"template":"","meta":{"_acf_changed":false},"product_brand":[],"product_cat":[8810],"product_tag":[10899],"class_list":{"0":"post-29774","1":"product","2":"type-product","3":"status-publish","5":"product_cat-frutales","6":"product_tag-natural-es","7":"pa_altezza-massima-500-es","8":"pa_altezza-massima-800-es","9":"pa_colore-fioritura-blanco","10":"pa_famiglia-rosaceae-es","11":"pa_genere-prunus-armeniaca-es","12":"pa_origine-asia-es","13":"pa_periodo-fioritura-abril","14":"pa_periodo-fioritura-marzo-es","15":"pa_periodo-fruttificazione-junio","16":"pa_portamento-arrotondato-es","17":"pa_resistenza-climatica-media-elevada","18":"pa_resistenza-del-suolo-resistente-a-los-suelos-secos","19":"pa_utilizzo-pequenos-jardines","21":"first","22":"instock","23":"purchasable","24":"product-type-simple"},"acf":[],"_links":{"self":[{"href":"https:\/\/innocentiemangonipiante.it\/es\/wp-json\/wp\/v2\/product\/29774","targetHints":{"allow":["GET"]}}],"collection":[{"href":"https:\/\/innocentiemangonipiante.it\/es\/wp-json\/wp\/v2\/product"}],"about":[{"href":"https:\/\/innocentiemangonipiante.it\/es\/wp-json\/wp\/v2\/types\/product"}],"wp:attachment":[{"href":"https:\/\/innocentiemangonipiante.it\/es\/wp-json\/wp\/v2\/media?parent=29774"}],"wp:term":[{"taxonomy":"product_brand","embeddable":true,"href":"https:\/\/innocentiemangonipiante.it\/es\/wp-json\/wp\/v2\/product_brand?post=29774"},{"taxonomy":"product_cat","embeddable":true,"href":"https:\/\/innocentiemangonipiante.it\/es\/wp-json\/wp\/v2\/product_cat?post=29774"},{"taxonomy":"product_tag","embeddable":true,"href":"https:\/\/innocentiemangonipiante.it\/es\/wp-json\/wp\/v2\/product_tag?post=29774"}],"curies":[{"name":"wp","href":"https:\/\/api.w.org\/{rel}","templated":true}]}}