{"id":29802,"date":"2023-11-04T02:40:16","date_gmt":"2023-11-04T01:40:16","guid":{"rendered":"http:\/\/innocentiemangonipiante.it\/prunus-persica-bonanza\/"},"modified":"2023-11-09T10:08:28","modified_gmt":"2023-11-09T09:08:28","slug":"prunus-persica-bonanza","status":"publish","type":"product","link":"https:\/\/innocentiemangonipiante.it\/es\/prunus-persica-bonanza\/","title":{"rendered":"PRUNUS PERSICA &#8216;Bonanza&#8217;"},"content":{"rendered":"<p>Variedad enana de p\u00e9rsico que produce flores dobles de color rosa oscuro, a continuaci\u00f3n p\u00e9rsicos de piel recubierta de pelusilla fin\u00edsima y de pulpa color amarillo.<\/p>\n","protected":false},"excerpt":{"rendered":"<p>Variedad enana de p\u00e9rsico que produce flores dobles de color rosa oscuro, a continuaci\u00f3n p\u00e9rsicos de piel recubierta de pelusilla fin\u00edsima y de pulpa color amarillo.<\/p>\n","protected":false},"featured_media":24228,"template":"","meta":{"_acf_changed":false},"product_brand":[],"product_cat":[8810],"product_tag":[10899,8737],"class_list":{"0":"post-29802","1":"product","2":"type-product","3":"status-publish","4":"has-post-thumbnail","6":"product_cat-frutales","7":"product_tag-natural-es","8":"product_tag-cuarto-de-tallo","9":"pa_altezza-massima-200-es","10":"pa_altezza-massima-400-es","11":"pa_arte-topiaria-disponible-planta-en-forma","12":"pa_colore-fioritura-rosado","13":"pa_condizionamento-florero-cuadrado","14":"pa_famiglia-rosaceae-es","15":"pa_genere-prunus-persica-es","16":"pa_origine-origine-delle-piante-u-s-a-es","17":"pa_periodo-fioritura-abril","18":"pa_periodo-fioritura-marzo-es","19":"pa_periodo-fruttificazione-julio","20":"pa_portamento-arrotondato-es","21":"pa_profumo-delicato-es","22":"pa_resistenza-climatica-media-elevada","23":"pa_utilizzo-avenidas","24":"pa_utilizzo-pequenos-jardines","26":"first","27":"instock","28":"purchasable","29":"product-type-simple"},"acf":[],"_links":{"self":[{"href":"https:\/\/innocentiemangonipiante.it\/es\/wp-json\/wp\/v2\/product\/29802","targetHints":{"allow":["GET"]}}],"collection":[{"href":"https:\/\/innocentiemangonipiante.it\/es\/wp-json\/wp\/v2\/product"}],"about":[{"href":"https:\/\/innocentiemangonipiante.it\/es\/wp-json\/wp\/v2\/types\/product"}],"wp:featuredmedia":[{"embeddable":true,"href":"https:\/\/innocentiemangonipiante.it\/es\/wp-json\/wp\/v2\/media\/24228"}],"wp:attachment":[{"href":"https:\/\/innocentiemangonipiante.it\/es\/wp-json\/wp\/v2\/media?parent=29802"}],"wp:term":[{"taxonomy":"product_brand","embeddable":true,"href":"https:\/\/innocentiemangonipiante.it\/es\/wp-json\/wp\/v2\/product_brand?post=29802"},{"taxonomy":"product_cat","embeddable":true,"href":"https:\/\/innocentiemangonipiante.it\/es\/wp-json\/wp\/v2\/product_cat?post=29802"},{"taxonomy":"product_tag","embeddable":true,"href":"https:\/\/innocentiemangonipiante.it\/es\/wp-json\/wp\/v2\/product_tag?post=29802"}],"curies":[{"name":"wp","href":"https:\/\/api.w.org\/{rel}","templated":true}]}}