{"id":29819,"date":"2023-11-04T02:42:10","date_gmt":"2023-11-04T01:42:10","guid":{"rendered":"http:\/\/innocentiemangonipiante.it\/prunus-persica-silver-prolific\/"},"modified":"2023-11-09T10:10:04","modified_gmt":"2023-11-09T09:10:04","slug":"prunus-persica-silver-prolific","status":"publish","type":"product","link":"https:\/\/innocentiemangonipiante.it\/es\/prunus-persica-silver-prolific\/","title":{"rendered":"PRUNUS PERSICA &#8216;Silver Prolific&#8217;"},"content":{"rendered":"<p>Variedad enana de p\u00e9rsico nogal que produce una bonita floraci\u00f3n primaveril, a continuaci\u00f3n frutos saboreados.<\/p>\n","protected":false},"excerpt":{"rendered":"<p>Variedad enana de p\u00e9rsico nogal que produce una bonita floraci\u00f3n primaveril, a continuaci\u00f3n frutos saboreados.<\/p>\n","protected":false},"featured_media":59213,"template":"","meta":{"_acf_changed":false},"product_brand":[],"product_cat":[8810],"product_tag":[10899,8737],"class_list":{"0":"post-29819","1":"product","2":"type-product","3":"status-publish","4":"has-post-thumbnail","6":"product_cat-frutales","7":"product_tag-natural-es","8":"product_tag-cuarto-de-tallo","9":"pa_altezza-massima-200-es","10":"pa_altezza-massima-400-es","11":"pa_arte-topiaria-disponible-planta-en-forma","12":"pa_colore-fioritura-rosado","13":"pa_condizionamento-florero-cuadrado","14":"pa_famiglia-rosaceae-es","15":"pa_genere-prunus-persica-es","16":"pa_origine-origine-delle-piante-u-s-a-es","17":"pa_periodo-fioritura-abril","18":"pa_periodo-fioritura-marzo-es","19":"pa_periodo-fruttificazione-agosto-es","20":"pa_periodo-fruttificazione-septiembre","21":"pa_portamento-arrotondato-es","22":"pa_profumo-delicato-es","23":"pa_resistenza-climatica-media-elevada","24":"pa_utilizzo-pequenos-jardines","26":"first","27":"instock","28":"purchasable","29":"product-type-simple"},"acf":[],"_links":{"self":[{"href":"https:\/\/innocentiemangonipiante.it\/es\/wp-json\/wp\/v2\/product\/29819","targetHints":{"allow":["GET"]}}],"collection":[{"href":"https:\/\/innocentiemangonipiante.it\/es\/wp-json\/wp\/v2\/product"}],"about":[{"href":"https:\/\/innocentiemangonipiante.it\/es\/wp-json\/wp\/v2\/types\/product"}],"wp:featuredmedia":[{"embeddable":true,"href":"https:\/\/innocentiemangonipiante.it\/es\/wp-json\/wp\/v2\/media\/59213"}],"wp:attachment":[{"href":"https:\/\/innocentiemangonipiante.it\/es\/wp-json\/wp\/v2\/media?parent=29819"}],"wp:term":[{"taxonomy":"product_brand","embeddable":true,"href":"https:\/\/innocentiemangonipiante.it\/es\/wp-json\/wp\/v2\/product_brand?post=29819"},{"taxonomy":"product_cat","embeddable":true,"href":"https:\/\/innocentiemangonipiante.it\/es\/wp-json\/wp\/v2\/product_cat?post=29819"},{"taxonomy":"product_tag","embeddable":true,"href":"https:\/\/innocentiemangonipiante.it\/es\/wp-json\/wp\/v2\/product_tag?post=29819"}],"curies":[{"name":"wp","href":"https:\/\/api.w.org\/{rel}","templated":true}]}}