{"id":29869,"date":"2023-11-04T02:49:47","date_gmt":"2023-11-04T01:49:47","guid":{"rendered":"http:\/\/innocentiemangonipiante.it\/quercus-acutissima\/"},"modified":"2023-11-09T10:15:42","modified_gmt":"2023-11-09T09:15:42","slug":"quercus-acutissima","status":"publish","type":"product","link":"https:\/\/innocentiemangonipiante.it\/es\/quercus-acutissima\/","title":{"rendered":"QUERCUS acutissima"},"content":{"rendered":"<p>\u00c1rbol caduco con porte expandido y tama\u00f1o medio grande. Corteza gris oscura, profundamente surcada. Hoja lanceolada hasta 20 cm, de color verde medio con peque\u00f1os dientes regulares.<\/p>\n","protected":false},"excerpt":{"rendered":"<p>\u00c1rbol caduco con porte expandido y tama\u00f1o medio grande. Corteza gris oscura, profundamente surcada. Hoja lanceolada hasta 20 cm, de color verde medio con peque\u00f1os dientes regulares.<\/p>\n","protected":false},"featured_media":24395,"template":"","meta":{"_acf_changed":false},"product_brand":[],"product_cat":[8814],"product_tag":[10899],"class_list":{"0":"post-29869","1":"product","2":"type-product","3":"status-publish","4":"has-post-thumbnail","6":"product_cat-arboles-y-arbustos-de-hoja-caduca","7":"product_tag-natural-es","8":"pa_altezza-massima-20-metros","9":"pa_altezza-massima-30-metros","10":"pa_colore-fioritura-amarillo","11":"pa_famiglia-fagaceae-es","12":"pa_genere-quercus-es","13":"pa_origine-asia-es","14":"pa_periodo-fioritura-mayo","15":"pa_portamento-arrotondato-es","16":"pa_resistenza-climatica-muy-elevada","17":"pa_resistenza-del-suolo-resistente-a-los-suelos-calcareos","18":"pa_resistenza-del-suolo-resistente-a-los-suelos-secos","19":"pa_utilizzo-parques","21":"first","22":"instock","23":"purchasable","24":"product-type-simple"},"acf":[],"_links":{"self":[{"href":"https:\/\/innocentiemangonipiante.it\/es\/wp-json\/wp\/v2\/product\/29869","targetHints":{"allow":["GET"]}}],"collection":[{"href":"https:\/\/innocentiemangonipiante.it\/es\/wp-json\/wp\/v2\/product"}],"about":[{"href":"https:\/\/innocentiemangonipiante.it\/es\/wp-json\/wp\/v2\/types\/product"}],"wp:featuredmedia":[{"embeddable":true,"href":"https:\/\/innocentiemangonipiante.it\/es\/wp-json\/wp\/v2\/media\/24395"}],"wp:attachment":[{"href":"https:\/\/innocentiemangonipiante.it\/es\/wp-json\/wp\/v2\/media?parent=29869"}],"wp:term":[{"taxonomy":"product_brand","embeddable":true,"href":"https:\/\/innocentiemangonipiante.it\/es\/wp-json\/wp\/v2\/product_brand?post=29869"},{"taxonomy":"product_cat","embeddable":true,"href":"https:\/\/innocentiemangonipiante.it\/es\/wp-json\/wp\/v2\/product_cat?post=29869"},{"taxonomy":"product_tag","embeddable":true,"href":"https:\/\/innocentiemangonipiante.it\/es\/wp-json\/wp\/v2\/product_tag?post=29869"}],"curies":[{"name":"wp","href":"https:\/\/api.w.org\/{rel}","templated":true}]}}