{"id":29877,"date":"2023-11-04T02:51:56","date_gmt":"2023-11-04T01:51:56","guid":{"rendered":"http:\/\/innocentiemangonipiante.it\/quercus-macrocarpa\/"},"modified":"2023-11-09T10:17:38","modified_gmt":"2023-11-09T09:17:38","slug":"quercus-macrocarpa","status":"publish","type":"product","link":"https:\/\/innocentiemangonipiante.it\/es\/quercus-macrocarpa\/","title":{"rendered":"QUERCUS macrocarpa"},"content":{"rendered":"<p>\u00c1rbol de gran porte con corteza muy decorativa. Muestra una gran tolerancia a la poluci\u00f3n. Uno de los quercus m\u00e1s longevos. Se suelen encontrar en Norteam\u00e9rica ejemplares de m\u00e1s de 300 a\u00f1os.<\/p>\n","protected":false},"excerpt":{"rendered":"<p>\u00c1rbol de gran porte con corteza muy decorativa. Muestra una gran tolerancia a la poluci\u00f3n. Uno de los quercus m\u00e1s longevos. Se suelen encontrar en Norteam\u00e9rica ejemplares de m\u00e1s de 300 a\u00f1os.<\/p>\n","protected":false},"featured_media":24453,"template":"","meta":{"_acf_changed":false},"product_brand":[],"product_cat":[8814],"product_tag":[10899],"class_list":{"0":"post-29877","1":"product","2":"type-product","3":"status-publish","4":"has-post-thumbnail","6":"product_cat-arboles-y-arbustos-de-hoja-caduca","7":"product_tag-natural-es","8":"pa_altezza-massima-20-metros","9":"pa_altezza-massima-30-metros","10":"pa_colore-fioritura-amarillo","11":"pa_famiglia-fagaceae-es","12":"pa_genere-quercus-es","13":"pa_origine-origine-delle-piante-u-s-a-es","14":"pa_periodo-fioritura-abril","15":"pa_periodo-fioritura-mayo","16":"pa_portamento-arrotondato-es","17":"pa_resistenza-climatica-muy-elevada","18":"pa_resistenza-del-suolo-resistente-a-los-suelos-calcareos","19":"pa_resistenza-del-suolo-resistente-a-los-suelos-secos","20":"pa_utilizzo-parques","22":"first","23":"instock","24":"purchasable","25":"product-type-simple"},"acf":[],"_links":{"self":[{"href":"https:\/\/innocentiemangonipiante.it\/es\/wp-json\/wp\/v2\/product\/29877","targetHints":{"allow":["GET"]}}],"collection":[{"href":"https:\/\/innocentiemangonipiante.it\/es\/wp-json\/wp\/v2\/product"}],"about":[{"href":"https:\/\/innocentiemangonipiante.it\/es\/wp-json\/wp\/v2\/types\/product"}],"wp:featuredmedia":[{"embeddable":true,"href":"https:\/\/innocentiemangonipiante.it\/es\/wp-json\/wp\/v2\/media\/24453"}],"wp:attachment":[{"href":"https:\/\/innocentiemangonipiante.it\/es\/wp-json\/wp\/v2\/media?parent=29877"}],"wp:term":[{"taxonomy":"product_brand","embeddable":true,"href":"https:\/\/innocentiemangonipiante.it\/es\/wp-json\/wp\/v2\/product_brand?post=29877"},{"taxonomy":"product_cat","embeddable":true,"href":"https:\/\/innocentiemangonipiante.it\/es\/wp-json\/wp\/v2\/product_cat?post=29877"},{"taxonomy":"product_tag","embeddable":true,"href":"https:\/\/innocentiemangonipiante.it\/es\/wp-json\/wp\/v2\/product_tag?post=29877"}],"curies":[{"name":"wp","href":"https:\/\/api.w.org\/{rel}","templated":true}]}}