{"id":29882,"date":"2023-11-04T02:53:29","date_gmt":"2023-11-04T01:53:29","guid":{"rendered":"http:\/\/innocentiemangonipiante.it\/quercus-robur-filicifolia\/"},"modified":"2023-11-09T10:18:39","modified_gmt":"2023-11-09T09:18:39","slug":"quercus-robur-filicifolia","status":"publish","type":"product","link":"https:\/\/innocentiemangonipiante.it\/es\/quercus-robur-filicifolia\/","title":{"rendered":"QUERCUS robur &#8216;Filicifolia&#8217;"},"content":{"rendered":"<p>\u00c1rbol caduco de porte medio. Con hojas finamente recortadas, m\u00e1s estrechas y de un verde m\u00e1s intenso que las de Quercus \u2018Pinnatifida\u2019.<\/p>\n","protected":false},"excerpt":{"rendered":"<p>\u00c1rbol caduco de porte medio. Con hojas finamente recortadas, m\u00e1s estrechas y de un verde m\u00e1s intenso que las de Quercus \u2018Pinnatifida\u2019.<\/p>\n","protected":false},"featured_media":60382,"template":"","meta":{"_acf_changed":false},"product_brand":[],"product_cat":[8814],"product_tag":[10899],"class_list":{"0":"post-29882","1":"product","2":"type-product","3":"status-publish","4":"has-post-thumbnail","6":"product_cat-arboles-y-arbustos-de-hoja-caduca","7":"product_tag-natural-es","8":"pa_altezza-massima-800-es","9":"pa_altezza-massima-12-metros","10":"pa_famiglia-fagaceae-es","11":"pa_genere-quercus-es","12":"pa_origine-europa-central","13":"pa_portamento-arrotondato-es","14":"pa_resistenza-climatica-muy-elevada","15":"pa_resistenza-del-suolo-resistente-a-la-humedad","16":"pa_resistenza-del-suolo-resistente-a-los-suelos-calcareos","17":"pa_resistenza-del-suolo-resistente-a-los-suelos-secos","18":"pa_salinita-resistente-alla-salsedine-es","19":"pa_utilizzo-avenidas","20":"pa_utilizzo-parques","22":"first","23":"instock","24":"purchasable","25":"product-type-simple"},"acf":[],"_links":{"self":[{"href":"https:\/\/innocentiemangonipiante.it\/es\/wp-json\/wp\/v2\/product\/29882","targetHints":{"allow":["GET"]}}],"collection":[{"href":"https:\/\/innocentiemangonipiante.it\/es\/wp-json\/wp\/v2\/product"}],"about":[{"href":"https:\/\/innocentiemangonipiante.it\/es\/wp-json\/wp\/v2\/types\/product"}],"wp:featuredmedia":[{"embeddable":true,"href":"https:\/\/innocentiemangonipiante.it\/es\/wp-json\/wp\/v2\/media\/60382"}],"wp:attachment":[{"href":"https:\/\/innocentiemangonipiante.it\/es\/wp-json\/wp\/v2\/media?parent=29882"}],"wp:term":[{"taxonomy":"product_brand","embeddable":true,"href":"https:\/\/innocentiemangonipiante.it\/es\/wp-json\/wp\/v2\/product_brand?post=29882"},{"taxonomy":"product_cat","embeddable":true,"href":"https:\/\/innocentiemangonipiante.it\/es\/wp-json\/wp\/v2\/product_cat?post=29882"},{"taxonomy":"product_tag","embeddable":true,"href":"https:\/\/innocentiemangonipiante.it\/es\/wp-json\/wp\/v2\/product_tag?post=29882"}],"curies":[{"name":"wp","href":"https:\/\/api.w.org\/{rel}","templated":true}]}}