{"id":29883,"date":"2023-11-04T02:54:20","date_gmt":"2023-11-04T01:54:20","guid":{"rendered":"http:\/\/innocentiemangonipiante.it\/quercus-texana\/"},"modified":"2023-11-09T10:19:36","modified_gmt":"2023-11-09T09:19:36","slug":"quercus-texana","status":"publish","type":"product","link":"https:\/\/innocentiemangonipiante.it\/es\/quercus-texana\/","title":{"rendered":"QUERCUS texana"},"content":{"rendered":"<p>Roble caduco muy adaptado a terrenos h\u00famedos y pesados. Copa redondeada y hojas verde oscuro profundamente divididas en 6-11 l\u00f3bulos. Bello color oto\u00f1al.<\/p>\n","protected":false},"excerpt":{"rendered":"<p>Roble caduco muy adaptado a terrenos h\u00famedos y pesados. Copa redondeada y hojas verde oscuro profundamente divididas en 6-11 l\u00f3bulos. Bello color oto\u00f1al.<\/p>\n","protected":false},"featured_media":24489,"template":"","meta":{"_acf_changed":false},"product_brand":[],"product_cat":[8814],"product_tag":[10899],"class_list":{"0":"post-29883","1":"product","2":"type-product","3":"status-publish","4":"has-post-thumbnail","6":"product_cat-arboles-y-arbustos-de-hoja-caduca","7":"product_tag-natural-es","8":"pa_altezza-massima-15-metros","9":"pa_altezza-massima-20-metros","10":"pa_famiglia-fagaceae-es","11":"pa_genere-quercus-es","12":"pa_origine-origine-delle-piante-u-s-a-es","13":"pa_portamento-arrotondato-es","14":"pa_resistenza-climatica-muy-elevada","15":"pa_resistenza-del-suolo-resistente-a-la-humedad","16":"pa_resistenza-del-suolo-resistente-a-los-suelos-calcareos","17":"pa_resistenza-del-suolo-resistente-a-los-suelos-secos","18":"pa_utilizzo-parques","20":"first","21":"instock","22":"purchasable","23":"product-type-simple"},"acf":[],"_links":{"self":[{"href":"https:\/\/innocentiemangonipiante.it\/es\/wp-json\/wp\/v2\/product\/29883","targetHints":{"allow":["GET"]}}],"collection":[{"href":"https:\/\/innocentiemangonipiante.it\/es\/wp-json\/wp\/v2\/product"}],"about":[{"href":"https:\/\/innocentiemangonipiante.it\/es\/wp-json\/wp\/v2\/types\/product"}],"wp:featuredmedia":[{"embeddable":true,"href":"https:\/\/innocentiemangonipiante.it\/es\/wp-json\/wp\/v2\/media\/24489"}],"wp:attachment":[{"href":"https:\/\/innocentiemangonipiante.it\/es\/wp-json\/wp\/v2\/media?parent=29883"}],"wp:term":[{"taxonomy":"product_brand","embeddable":true,"href":"https:\/\/innocentiemangonipiante.it\/es\/wp-json\/wp\/v2\/product_brand?post=29883"},{"taxonomy":"product_cat","embeddable":true,"href":"https:\/\/innocentiemangonipiante.it\/es\/wp-json\/wp\/v2\/product_cat?post=29883"},{"taxonomy":"product_tag","embeddable":true,"href":"https:\/\/innocentiemangonipiante.it\/es\/wp-json\/wp\/v2\/product_tag?post=29883"}],"curies":[{"name":"wp","href":"https:\/\/api.w.org\/{rel}","templated":true}]}}