{"id":30179,"date":"2023-11-04T03:05:25","date_gmt":"2023-11-04T02:05:25","guid":{"rendered":"http:\/\/innocentiemangonipiante.it\/solanum-jasminoides-2\/"},"modified":"2023-11-09T10:29:11","modified_gmt":"2023-11-09T09:29:11","slug":"solanum-jasminoides","status":"publish","type":"product","link":"https:\/\/innocentiemangonipiante.it\/es\/solanum-jasminoides\/","title":{"rendered":"SOLANUM jasminoides"},"content":{"rendered":"<p>Arbusto trepador, de perenne a semi-perenne con hojas de estrechamente ovadas y lanceoladas, brillantes, de color verde oscuro largas hasta 5 cm. En verano y oto\u00f1o lleva flores perfumadas blanco-azules anchas cerca 2-3 cm reunidas en ramilletes y a continuaci\u00f3n peque\u00f1os frutos ovoidales de color negro.<\/p>\n","protected":false},"excerpt":{"rendered":"<p>Arbusto trepador, de perenne a semi-perenne con hojas de estrechamente ovadas y lanceoladas, brillantes, de color verde oscuro largas hasta 5 cm. En verano y oto\u00f1o lleva flores perfumadas blanco-azules anchas cerca 2-3 cm reunidas en ramilletes y a continuaci\u00f3n peque\u00f1os frutos ovoidales de color negro.<\/p>\n","protected":false},"featured_media":24725,"template":"","meta":{"_acf_changed":false},"product_brand":[],"product_cat":[8838],"product_tag":[10899],"class_list":{"0":"post-30179","1":"product","2":"type-product","3":"status-publish","4":"has-post-thumbnail","6":"product_cat-enredaderas","7":"product_tag-natural-es","8":"pa_altezza-massima-400-es","9":"pa_altezza-massima-600-es","10":"pa_colore-fioritura-blanco","11":"pa_famiglia-solanaceae-es","12":"pa_genere-solanum-es","13":"pa_origine-brasil","14":"pa_periodo-fioritura-agosto-es","15":"pa_periodo-fioritura-julio","16":"pa_periodo-fioritura-junio","17":"pa_periodo-fioritura-octubre","18":"pa_periodo-fioritura-septiembre","19":"pa_profumo-delicato-es","20":"pa_resistenza-climatica-plantas-con-baja-resistencia-climatica","21":"pa_resistenza-del-suolo-resistente-a-la-humedad","22":"pa_resistenza-del-suolo-resistente-a-los-suelos-secos","23":"pa_utilizzo-balcones","24":"pa_utilizzo-pequenos-jardines","26":"first","27":"instock","28":"purchasable","29":"product-type-simple"},"acf":[],"_links":{"self":[{"href":"https:\/\/innocentiemangonipiante.it\/es\/wp-json\/wp\/v2\/product\/30179","targetHints":{"allow":["GET"]}}],"collection":[{"href":"https:\/\/innocentiemangonipiante.it\/es\/wp-json\/wp\/v2\/product"}],"about":[{"href":"https:\/\/innocentiemangonipiante.it\/es\/wp-json\/wp\/v2\/types\/product"}],"wp:featuredmedia":[{"embeddable":true,"href":"https:\/\/innocentiemangonipiante.it\/es\/wp-json\/wp\/v2\/media\/24725"}],"wp:attachment":[{"href":"https:\/\/innocentiemangonipiante.it\/es\/wp-json\/wp\/v2\/media?parent=30179"}],"wp:term":[{"taxonomy":"product_brand","embeddable":true,"href":"https:\/\/innocentiemangonipiante.it\/es\/wp-json\/wp\/v2\/product_brand?post=30179"},{"taxonomy":"product_cat","embeddable":true,"href":"https:\/\/innocentiemangonipiante.it\/es\/wp-json\/wp\/v2\/product_cat?post=30179"},{"taxonomy":"product_tag","embeddable":true,"href":"https:\/\/innocentiemangonipiante.it\/es\/wp-json\/wp\/v2\/product_tag?post=30179"}],"curies":[{"name":"wp","href":"https:\/\/api.w.org\/{rel}","templated":true}]}}