{"id":30211,"date":"2023-11-04T03:12:14","date_gmt":"2023-11-04T02:12:14","guid":{"rendered":"http:\/\/innocentiemangonipiante.it\/taxus-baccata\/"},"modified":"2023-11-09T10:34:47","modified_gmt":"2023-11-09T09:34:47","slug":"taxus-baccata","status":"publish","type":"product","link":"https:\/\/innocentiemangonipiante.it\/es\/taxus-baccata\/","title":{"rendered":"TAXUS baccata"},"content":{"rendered":"<p>Con\u00edfera de porte de anchamente c\u00f3nico e irregularmente redondeado en fase adulta. Las ramas son extendidas, horizontales, con ramilletes ligeramente colgantes. Corteza escamosa de color p\u00farpura-marr\u00f3n. Las hojas lineales, verde oscuro l\u00facido, son largas 2-3 cm.<\/p>\n","protected":false},"excerpt":{"rendered":"<p>Con\u00edfera de porte de anchamente c\u00f3nico e irregularmente redondeado en fase adulta. Las ramas son extendidas, horizontales, con ramilletes ligeramente colgantes. Corteza escamosa de color p\u00farpura-marr\u00f3n. Las hojas lineales, verde oscuro l\u00facido, son largas 2-3 cm.<\/p>\n","protected":false},"featured_media":24897,"template":"","meta":{"_acf_changed":false},"product_brand":[],"product_cat":[8826],"product_tag":[10899],"class_list":{"0":"post-30211","1":"product","2":"type-product","3":"status-publish","4":"has-post-thumbnail","6":"product_cat-coniferas","7":"product_tag-natural-es","8":"pa_altezza-massima-1000-es-2","9":"pa_altezza-massima-15-metros","10":"pa_famiglia-taxaceae-es","11":"pa_genere-taxus-es","12":"pa_inquinamento-resistente-al-smog","13":"pa_origine-europe-es","14":"pa_portamento-arrotondato-es","15":"pa_resistenza-climatica-muy-elevada","16":"pa_resistenza-del-suolo-resistente-a-los-suelos-calcareos","17":"pa_utilizzo-parques","18":"pa_utilizzo-pequenos-jardines","20":"first","21":"instock","22":"purchasable","23":"product-type-simple"},"acf":[],"_links":{"self":[{"href":"https:\/\/innocentiemangonipiante.it\/es\/wp-json\/wp\/v2\/product\/30211","targetHints":{"allow":["GET"]}}],"collection":[{"href":"https:\/\/innocentiemangonipiante.it\/es\/wp-json\/wp\/v2\/product"}],"about":[{"href":"https:\/\/innocentiemangonipiante.it\/es\/wp-json\/wp\/v2\/types\/product"}],"wp:featuredmedia":[{"embeddable":true,"href":"https:\/\/innocentiemangonipiante.it\/es\/wp-json\/wp\/v2\/media\/24897"}],"wp:attachment":[{"href":"https:\/\/innocentiemangonipiante.it\/es\/wp-json\/wp\/v2\/media?parent=30211"}],"wp:term":[{"taxonomy":"product_brand","embeddable":true,"href":"https:\/\/innocentiemangonipiante.it\/es\/wp-json\/wp\/v2\/product_brand?post=30211"},{"taxonomy":"product_cat","embeddable":true,"href":"https:\/\/innocentiemangonipiante.it\/es\/wp-json\/wp\/v2\/product_cat?post=30211"},{"taxonomy":"product_tag","embeddable":true,"href":"https:\/\/innocentiemangonipiante.it\/es\/wp-json\/wp\/v2\/product_tag?post=30211"}],"curies":[{"name":"wp","href":"https:\/\/api.w.org\/{rel}","templated":true}]}}