{"id":30220,"date":"2023-11-04T03:13:42","date_gmt":"2023-11-04T02:13:42","guid":{"rendered":"http:\/\/innocentiemangonipiante.it\/thuja-occidentalis-smaragd-2\/"},"modified":"2023-11-09T10:36:15","modified_gmt":"2023-11-09T09:36:15","slug":"thuja-occidentalis-smaragd","status":"publish","type":"product","link":"https:\/\/innocentiemangonipiante.it\/es\/thuja-occidentalis-smaragd\/","title":{"rendered":"THUJA occidentalis &#8216;Smaragd&#8217;"},"content":{"rendered":"<p>Con\u00edfera muy decorativa con porte de estrechamente c\u00f3nico a columnar de hojas peque\u00f1as con escamas de color verde brillante.<\/p>\n","protected":false},"excerpt":{"rendered":"<p>Con\u00edfera muy decorativa con porte de estrechamente c\u00f3nico a columnar de hojas peque\u00f1as con escamas de color verde brillante.<\/p>\n","protected":false},"featured_media":24931,"template":"","meta":{"_acf_changed":false},"product_brand":[],"product_cat":[8826],"product_tag":[10899],"class_list":{"0":"post-30220","1":"product","2":"type-product","3":"status-publish","4":"has-post-thumbnail","6":"product_cat-coniferas","7":"product_tag-natural-es","8":"pa_altezza-massima-400-es","9":"pa_altezza-massima-600-es","10":"pa_famiglia-cupressaceae-es","11":"pa_genere-thuja-es","12":"pa_inquinamento-resistente-al-smog","13":"pa_origine-dinamarca","14":"pa_portamento-conico-es","15":"pa_resistenza-climatica-muy-elevada","16":"pa_resistenza-del-suolo-resistente-a-los-suelos-calcareos","17":"pa_utilizzo-pequenos-jardines","19":"first","20":"instock","21":"purchasable","22":"product-type-simple"},"acf":[],"_links":{"self":[{"href":"https:\/\/innocentiemangonipiante.it\/es\/wp-json\/wp\/v2\/product\/30220","targetHints":{"allow":["GET"]}}],"collection":[{"href":"https:\/\/innocentiemangonipiante.it\/es\/wp-json\/wp\/v2\/product"}],"about":[{"href":"https:\/\/innocentiemangonipiante.it\/es\/wp-json\/wp\/v2\/types\/product"}],"wp:featuredmedia":[{"embeddable":true,"href":"https:\/\/innocentiemangonipiante.it\/es\/wp-json\/wp\/v2\/media\/24931"}],"wp:attachment":[{"href":"https:\/\/innocentiemangonipiante.it\/es\/wp-json\/wp\/v2\/media?parent=30220"}],"wp:term":[{"taxonomy":"product_brand","embeddable":true,"href":"https:\/\/innocentiemangonipiante.it\/es\/wp-json\/wp\/v2\/product_brand?post=30220"},{"taxonomy":"product_cat","embeddable":true,"href":"https:\/\/innocentiemangonipiante.it\/es\/wp-json\/wp\/v2\/product_cat?post=30220"},{"taxonomy":"product_tag","embeddable":true,"href":"https:\/\/innocentiemangonipiante.it\/es\/wp-json\/wp\/v2\/product_tag?post=30220"}],"curies":[{"name":"wp","href":"https:\/\/api.w.org\/{rel}","templated":true}]}}