{"id":63979,"date":"2023-11-03T23:43:15","date_gmt":"2023-11-03T22:43:15","guid":{"rendered":"http:\/\/innocentiemangonipiante.it\/betula-jacquemontii\/"},"modified":"2023-11-09T09:04:49","modified_gmt":"2023-11-09T08:04:49","slug":"betula-jacquemontii","status":"publish","type":"product","link":"https:\/\/innocentiemangonipiante.it\/es\/betula-jacquemontii\/","title":{"rendered":"BETULA jacquemontii"},"content":{"rendered":"<p>\u00c1rbol caduco de talla media. Las ramas j\u00f3venes son de color marr\u00f3nmarr\u00f3n claro hasta hacerse del t\u00edpico color blanco puro formando una corteza que se deshoja en l\u00e1minas finas a partir del 3\u00ba -4\u00ba a\u00f1o. Las hojas, de color verde oscuro, cambian a amarillo oro en oto\u00f1o.<\/p>\n","protected":false},"excerpt":{"rendered":"<p>\u00c1rbol caduco de talla media. Las ramas j\u00f3venes son de color marr\u00f3nmarr\u00f3n claro hasta hacerse del t\u00edpico color blanco puro formando una corteza que se deshoja en l\u00e1minas finas a partir del 3\u00ba -4\u00ba a\u00f1o. Las hojas, de color verde oscuro, cambian a amarillo oro en oto\u00f1o.<\/p>\n","protected":false},"featured_media":20763,"template":"","meta":{"_acf_changed":false},"product_brand":[],"product_cat":[8814,9232],"product_tag":[10899,8598,8402],"class_list":{"0":"post-63979","1":"product","2":"type-product","3":"status-publish","4":"has-post-thumbnail","6":"product_cat-arboles-y-arbustos-de-hoja-caduca","7":"product_cat-arboles-y-plantas-del-futuro","8":"product_tag-natural-es","9":"product_tag-multitronco-es-2","10":"product_tag-tallo-alto","11":"pa_altezza-massima-800-es","12":"pa_altezza-massima-12-metros","13":"pa_condizionamento-clt-es","14":"pa_condizionamento-placa","15":"pa_famiglia-betulaceae-es","16":"pa_genere-betula-es","17":"pa_origine-himalaya-es","18":"pa_portamento-arrotondato-es","19":"pa_resistenza-climatica-muy-elevada","20":"pa_resistenza-del-suolo-resistente-a-la-humedad","21":"pa_utilizzo-avenidas","22":"pa_utilizzo-parques","24":"first","25":"instock","26":"purchasable","27":"product-type-simple"},"acf":[],"_links":{"self":[{"href":"https:\/\/innocentiemangonipiante.it\/es\/wp-json\/wp\/v2\/product\/63979","targetHints":{"allow":["GET"]}}],"collection":[{"href":"https:\/\/innocentiemangonipiante.it\/es\/wp-json\/wp\/v2\/product"}],"about":[{"href":"https:\/\/innocentiemangonipiante.it\/es\/wp-json\/wp\/v2\/types\/product"}],"wp:featuredmedia":[{"embeddable":true,"href":"https:\/\/innocentiemangonipiante.it\/es\/wp-json\/wp\/v2\/media\/20763"}],"wp:attachment":[{"href":"https:\/\/innocentiemangonipiante.it\/es\/wp-json\/wp\/v2\/media?parent=63979"}],"wp:term":[{"taxonomy":"product_brand","embeddable":true,"href":"https:\/\/innocentiemangonipiante.it\/es\/wp-json\/wp\/v2\/product_brand?post=63979"},{"taxonomy":"product_cat","embeddable":true,"href":"https:\/\/innocentiemangonipiante.it\/es\/wp-json\/wp\/v2\/product_cat?post=63979"},{"taxonomy":"product_tag","embeddable":true,"href":"https:\/\/innocentiemangonipiante.it\/es\/wp-json\/wp\/v2\/product_tag?post=63979"}],"curies":[{"name":"wp","href":"https:\/\/api.w.org\/{rel}","templated":true}]}}