{"id":63984,"date":"2023-11-04T00:04:19","date_gmt":"2023-11-03T23:04:19","guid":{"rendered":"http:\/\/innocentiemangonipiante.it\/cedrus-atlantica\/"},"modified":"2023-11-09T09:22:34","modified_gmt":"2023-11-09T08:22:34","slug":"cedrus-atlantica","status":"publish","type":"product","link":"https:\/\/innocentiemangonipiante.it\/es\/cedrus-atlantica\/","title":{"rendered":"CEDRUS atlantica"},"content":{"rendered":"<p>Con\u00edfera de gran nivel de crecimiento. Las agujas son r\u00edgidas, puntiagudas, de color verde oscuro, de hasta 2,5 cm de longitud. Las ramas tienen un porte erguido cuando son j\u00f3venes y m\u00e1s ensanchado despu\u00e9s. Produce conos, primero verdes y luego de color marr\u00f3n claro, de 6-10 cm de longitud.<\/p>\n","protected":false},"excerpt":{"rendered":"<p>Con\u00edfera de gran nivel de crecimiento. Las agujas son r\u00edgidas, puntiagudas, de color verde oscuro, de hasta 2,5 cm de longitud. Las ramas tienen un porte erguido cuando son j\u00f3venes y m\u00e1s ensanchado despu\u00e9s. Produce conos, primero verdes y luego de color marr\u00f3n claro, de 6-10 cm de longitud.<\/p>\n","protected":false},"featured_media":21196,"template":"","meta":{"_acf_changed":false},"product_brand":[],"product_cat":[8826,9232],"product_tag":[10899],"class_list":{"0":"post-63984","1":"product","2":"type-product","3":"status-publish","4":"has-post-thumbnail","6":"product_cat-coniferas","7":"product_cat-arboles-y-plantas-del-futuro","8":"product_tag-natural-es","9":"pa_altezza-massima-30-metros","10":"pa_altezza-massima-40-metros","11":"pa_condizionamento-clt-es","12":"pa_condizionamento-placa","13":"pa_condizionamento-vs-es","14":"pa_famiglia-pinaceae-es","15":"pa_genere-cedrus-es","16":"pa_inquinamento-resistente-al-smog","17":"pa_origine-marruecos","18":"pa_portamento-piramidale-es","19":"pa_resistenza-climatica-muy-elevada","20":"pa_resistenza-del-suolo-resistente-a-los-suelos-calcareos","21":"pa_resistenza-del-suolo-resistente-a-los-suelos-pobres","22":"pa_resistenza-del-suolo-resistente-a-los-suelos-secos","23":"pa_utilizzo-parques","25":"first","26":"instock","27":"purchasable","28":"product-type-simple"},"acf":[],"_links":{"self":[{"href":"https:\/\/innocentiemangonipiante.it\/es\/wp-json\/wp\/v2\/product\/63984","targetHints":{"allow":["GET"]}}],"collection":[{"href":"https:\/\/innocentiemangonipiante.it\/es\/wp-json\/wp\/v2\/product"}],"about":[{"href":"https:\/\/innocentiemangonipiante.it\/es\/wp-json\/wp\/v2\/types\/product"}],"wp:featuredmedia":[{"embeddable":true,"href":"https:\/\/innocentiemangonipiante.it\/es\/wp-json\/wp\/v2\/media\/21196"}],"wp:attachment":[{"href":"https:\/\/innocentiemangonipiante.it\/es\/wp-json\/wp\/v2\/media?parent=63984"}],"wp:term":[{"taxonomy":"product_brand","embeddable":true,"href":"https:\/\/innocentiemangonipiante.it\/es\/wp-json\/wp\/v2\/product_brand?post=63984"},{"taxonomy":"product_cat","embeddable":true,"href":"https:\/\/innocentiemangonipiante.it\/es\/wp-json\/wp\/v2\/product_cat?post=63984"},{"taxonomy":"product_tag","embeddable":true,"href":"https:\/\/innocentiemangonipiante.it\/es\/wp-json\/wp\/v2\/product_tag?post=63984"}],"curies":[{"name":"wp","href":"https:\/\/api.w.org\/{rel}","templated":true}]}}