{"id":63985,"date":"2023-11-04T00:05:05","date_gmt":"2023-11-03T23:05:05","guid":{"rendered":"http:\/\/innocentiemangonipiante.it\/cedrus-atlantica-nana\/"},"modified":"2023-11-09T09:23:06","modified_gmt":"2023-11-09T08:23:06","slug":"cedrus-atlantica-nana","status":"publish","type":"product","link":"https:\/\/innocentiemangonipiante.it\/es\/cedrus-atlantica-nana\/","title":{"rendered":"CEDRUS atlantica &#8216;Nana&#8217;"},"content":{"rendered":"<p>Con\u00edfera de porte compacto y redondeado. Las agujas son r\u00edgidas, cuadrilaterales, puntiagudas, de color verde. La forma esf\u00e9rica y el crecimiento lento hacen que sea una \u00f3ptima variedad para jardines de medias-peque\u00f1as dimensiones.<\/p>\n","protected":false},"excerpt":{"rendered":"<p>Con\u00edfera de porte compacto y redondeado. Las agujas son r\u00edgidas, cuadrilaterales, puntiagudas, de color verde. La forma esf\u00e9rica y el crecimiento lento hacen que sea una \u00f3ptima variedad para jardines de medias-peque\u00f1as dimensiones.<\/p>\n","protected":false},"featured_media":21224,"template":"","meta":{"_acf_changed":false},"product_brand":[],"product_cat":[8826],"product_tag":[10899],"class_list":{"0":"post-63985","1":"product","2":"type-product","3":"status-publish","4":"has-post-thumbnail","6":"product_cat-coniferas","7":"product_tag-natural-es","8":"pa_altezza-massima-300-es","9":"pa_altezza-massima-400-es","10":"pa_condizionamento-clt-es","11":"pa_famiglia-pinaceae-es","12":"pa_genere-cedrus-es","13":"pa_origine-europa-mediterranea","14":"pa_portamento-arrotondato-es","15":"pa_resistenza-climatica-muy-elevada","16":"pa_resistenza-del-suolo-resistente-a-los-suelos-calcareos","17":"pa_resistenza-del-suolo-resistente-a-los-suelos-pobres","18":"pa_resistenza-del-suolo-resistente-a-los-suelos-secos","19":"pa_utilizzo-pequenos-jardines","21":"first","22":"instock","23":"purchasable","24":"product-type-simple"},"acf":[],"_links":{"self":[{"href":"https:\/\/innocentiemangonipiante.it\/es\/wp-json\/wp\/v2\/product\/63985","targetHints":{"allow":["GET"]}}],"collection":[{"href":"https:\/\/innocentiemangonipiante.it\/es\/wp-json\/wp\/v2\/product"}],"about":[{"href":"https:\/\/innocentiemangonipiante.it\/es\/wp-json\/wp\/v2\/types\/product"}],"wp:featuredmedia":[{"embeddable":true,"href":"https:\/\/innocentiemangonipiante.it\/es\/wp-json\/wp\/v2\/media\/21224"}],"wp:attachment":[{"href":"https:\/\/innocentiemangonipiante.it\/es\/wp-json\/wp\/v2\/media?parent=63985"}],"wp:term":[{"taxonomy":"product_brand","embeddable":true,"href":"https:\/\/innocentiemangonipiante.it\/es\/wp-json\/wp\/v2\/product_brand?post=63985"},{"taxonomy":"product_cat","embeddable":true,"href":"https:\/\/innocentiemangonipiante.it\/es\/wp-json\/wp\/v2\/product_cat?post=63985"},{"taxonomy":"product_tag","embeddable":true,"href":"https:\/\/innocentiemangonipiante.it\/es\/wp-json\/wp\/v2\/product_tag?post=63985"}],"curies":[{"name":"wp","href":"https:\/\/api.w.org\/{rel}","templated":true}]}}