{"id":63988,"date":"2023-11-04T00:16:34","date_gmt":"2023-11-03T23:16:34","guid":{"rendered":"http:\/\/innocentiemangonipiante.it\/citrus-x-mitis-2\/"},"modified":"2023-11-09T09:31:46","modified_gmt":"2023-11-09T08:31:46","slug":"citrus-x-mitis-2","status":"publish","type":"product","link":"https:\/\/innocentiemangonipiante.it\/es\/citrus-x-mitis-2\/","title":{"rendered":"CITRUS x mitis"},"content":{"rendered":"<p>\u00c1rbol o arbusto medio, perenne, de porte redondeado. Aparecen flores de color blanco puro a finales de primavera. Despu\u00e9s da frutos redondeados, de color amarillo-naranja de 2,5-3,5 cm de di\u00e1metro. Planta muy decorativa.<\/p>\n","protected":false},"excerpt":{"rendered":"<p>\u00c1rbol o arbusto medio, perenne, de porte redondeado. Aparecen flores de color blanco puro a finales de primavera. Despu\u00e9s da frutos redondeados, de color amarillo-naranja de 2,5-3,5 cm de di\u00e1metro. Planta muy decorativa.<\/p>\n","protected":false},"featured_media":38303,"template":"","meta":{"_acf_changed":false},"product_brand":[],"product_cat":[8815],"product_tag":[10899],"class_list":{"0":"post-63988","1":"product","2":"type-product","3":"status-publish","4":"has-post-thumbnail","6":"product_cat-arboles-y-arbustos-persistentes","7":"product_tag-natural-es","8":"pa_altezza-massima-300-es","9":"pa_altezza-massima-500-es","10":"pa_colore-fioritura-blanco","11":"pa_famiglia-rutaceae-es-2","12":"pa_genere-citrus-es","13":"pa_origine-asia-es","14":"pa_periodo-fioritura-abril","15":"pa_portamento-arrotondato-es","16":"pa_resistenza-climatica-plantas-con-baja-resistencia-climatica","17":"pa_resistenza-del-suolo-resistente-a-los-suelos-secos","18":"pa_utilizzo-balcones","19":"pa_utilizzo-pequenos-jardines","21":"first","22":"instock","23":"purchasable","24":"product-type-simple"},"acf":[],"_links":{"self":[{"href":"https:\/\/innocentiemangonipiante.it\/es\/wp-json\/wp\/v2\/product\/63988","targetHints":{"allow":["GET"]}}],"collection":[{"href":"https:\/\/innocentiemangonipiante.it\/es\/wp-json\/wp\/v2\/product"}],"about":[{"href":"https:\/\/innocentiemangonipiante.it\/es\/wp-json\/wp\/v2\/types\/product"}],"wp:featuredmedia":[{"embeddable":true,"href":"https:\/\/innocentiemangonipiante.it\/es\/wp-json\/wp\/v2\/media\/38303"}],"wp:attachment":[{"href":"https:\/\/innocentiemangonipiante.it\/es\/wp-json\/wp\/v2\/media?parent=63988"}],"wp:term":[{"taxonomy":"product_brand","embeddable":true,"href":"https:\/\/innocentiemangonipiante.it\/es\/wp-json\/wp\/v2\/product_brand?post=63988"},{"taxonomy":"product_cat","embeddable":true,"href":"https:\/\/innocentiemangonipiante.it\/es\/wp-json\/wp\/v2\/product_cat?post=63988"},{"taxonomy":"product_tag","embeddable":true,"href":"https:\/\/innocentiemangonipiante.it\/es\/wp-json\/wp\/v2\/product_tag?post=63988"}],"curies":[{"name":"wp","href":"https:\/\/api.w.org\/{rel}","templated":true}]}}