{"id":68652,"date":"2026-01-07T12:31:14","date_gmt":"2026-01-07T11:31:14","guid":{"rendered":"https:\/\/innocentiemangonipiante.it\/abelia-grandiflora-jelly-beans\/"},"modified":"2026-01-07T18:33:58","modified_gmt":"2026-01-07T17:33:58","slug":"abelia-grandiflora-jelly-beans","status":"publish","type":"product","link":"https:\/\/innocentiemangonipiante.it\/es\/abelia-grandiflora-jelly-beans\/","title":{"rendered":"ABELIA grandiflora &#8216;Jelly Beans&#8217; \u00ae"},"content":{"rendered":"<p>Jelly Beans es una nueva variedad variegada de Abelia \u00d7 grandiflora. Este arbusto semiperenne de tama\u00f1o mediano, con un porte redondeado, presenta ramas compactas y hojas ovaladas, brillantes y de peque\u00f1o tama\u00f1o, con una variegaci\u00f3n dorada. Florece temprano, produciendo racimos de flores en forma de campana, blancas con matices rosados. Gracias a su follaje variegado y brillante, Jelly Beans es una planta de aspecto atractivo durante todo el a\u00f1o en el jard\u00edn.<\/p>\n","protected":false},"excerpt":{"rendered":"<p>Jelly Beans es una nueva variedad variegada de Abelia \u00d7 grandiflora. Este arbusto semiperenne de tama\u00f1o mediano, con un porte redondeado, presenta ramas compactas y hojas ovaladas, brillantes y de peque\u00f1o tama\u00f1o, con una variegaci\u00f3n dorada. Florece temprano, produciendo racimos de flores en forma de campana, blancas con matices rosados. Gracias a su follaje variegado [&hellip;]<\/p>\n","protected":false},"featured_media":67064,"template":"","meta":{"_acf_changed":false},"product_brand":[],"product_cat":[8815],"product_tag":[10899],"class_list":{"0":"post-68652","1":"product","2":"type-product","3":"status-publish","4":"has-post-thumbnail","6":"product_cat-arboles-y-arbustos-persistentes","7":"product_tag-natural-es","8":"pa_altezza-massima-100-es","9":"pa_colore-delle-foglie-variegadas","10":"pa_colore-fioritura-blanco","11":"pa_famiglia-caprifoliaceae-es","12":"pa_genere-abelia-es","13":"pa_origine-holanda","14":"pa_portamento-cespuglioso-es","15":"pa_profumo-intenso-es","16":"pa_resistenza-climatica-media-elevada","18":"first","19":"instock","20":"purchasable","21":"product-type-simple"},"acf":[],"_links":{"self":[{"href":"https:\/\/innocentiemangonipiante.it\/es\/wp-json\/wp\/v2\/product\/68652","targetHints":{"allow":["GET"]}}],"collection":[{"href":"https:\/\/innocentiemangonipiante.it\/es\/wp-json\/wp\/v2\/product"}],"about":[{"href":"https:\/\/innocentiemangonipiante.it\/es\/wp-json\/wp\/v2\/types\/product"}],"wp:featuredmedia":[{"embeddable":true,"href":"https:\/\/innocentiemangonipiante.it\/es\/wp-json\/wp\/v2\/media\/67064"}],"wp:attachment":[{"href":"https:\/\/innocentiemangonipiante.it\/es\/wp-json\/wp\/v2\/media?parent=68652"}],"wp:term":[{"taxonomy":"product_brand","embeddable":true,"href":"https:\/\/innocentiemangonipiante.it\/es\/wp-json\/wp\/v2\/product_brand?post=68652"},{"taxonomy":"product_cat","embeddable":true,"href":"https:\/\/innocentiemangonipiante.it\/es\/wp-json\/wp\/v2\/product_cat?post=68652"},{"taxonomy":"product_tag","embeddable":true,"href":"https:\/\/innocentiemangonipiante.it\/es\/wp-json\/wp\/v2\/product_tag?post=68652"}],"curies":[{"name":"wp","href":"https:\/\/api.w.org\/{rel}","templated":true}]}}