{"id":68654,"date":"2026-01-07T12:31:54","date_gmt":"2026-01-07T11:31:54","guid":{"rendered":"https:\/\/innocentiemangonipiante.it\/azalea-star-style-white\/"},"modified":"2026-01-07T18:34:04","modified_gmt":"2026-01-07T17:34:04","slug":"azalea-star-style-white","status":"publish","type":"product","link":"https:\/\/innocentiemangonipiante.it\/es\/azalea-star-style-white\/","title":{"rendered":"AZALEA &#8216;Star Style White&#8217; \u00ae"},"content":{"rendered":"<p>Una variedad que produce flores en forma de estrella de color blanco. Cada flor est\u00e1 compuesta por p\u00e9talos largos y delgados. Cuando est\u00e1 en flor, la planta queda casi completamente cubierta, dejando muy poco follaje visible. Las azaleas Star Style forman un mont\u00edculo denso y compacto de follaje fino, brillante y verde oscuro. Sin embargo, los tallos y ramas son fr\u00e1giles y requieren protecci\u00f3n contra el viento y las heladas. La altura alcanza aproximadamente 50-70 cm en diez a\u00f1os.<\/p>\n","protected":false},"excerpt":{"rendered":"<p>Una variedad que produce flores en forma de estrella de color blanco. Cada flor est\u00e1 compuesta por p\u00e9talos largos y delgados. Cuando est\u00e1 en flor, la planta queda casi completamente cubierta, dejando muy poco follaje visible. Las azaleas Star Style forman un mont\u00edculo denso y compacto de follaje fino, brillante y verde oscuro. Sin embargo, [&hellip;]<\/p>\n","protected":false},"featured_media":67091,"template":"","meta":{"_acf_changed":false},"product_brand":[],"product_cat":[8815],"product_tag":[10899],"class_list":{"0":"post-68654","1":"product","2":"type-product","3":"status-publish","4":"has-post-thumbnail","6":"product_cat-arboles-y-arbustos-persistentes","7":"product_tag-natural-es","8":"pa_altezza-massima-0_50-metros","9":"pa_altezza-massima-0_70-metros","10":"pa_colore-fioritura-blanco","11":"pa_famiglia-ericaceae-es","12":"pa_genere-azalea-es","13":"pa_origine-holanda","14":"pa_periodo-fioritura-mayo","15":"pa_portamento-arrotondato-es","16":"pa_resistenza-climatica-muy-elevada","17":"pa_utilizzo-balcones","18":"pa_utilizzo-pequenos-jardines","20":"first","21":"instock","22":"purchasable","23":"product-type-simple"},"acf":[],"_links":{"self":[{"href":"https:\/\/innocentiemangonipiante.it\/es\/wp-json\/wp\/v2\/product\/68654","targetHints":{"allow":["GET"]}}],"collection":[{"href":"https:\/\/innocentiemangonipiante.it\/es\/wp-json\/wp\/v2\/product"}],"about":[{"href":"https:\/\/innocentiemangonipiante.it\/es\/wp-json\/wp\/v2\/types\/product"}],"wp:featuredmedia":[{"embeddable":true,"href":"https:\/\/innocentiemangonipiante.it\/es\/wp-json\/wp\/v2\/media\/67091"}],"wp:attachment":[{"href":"https:\/\/innocentiemangonipiante.it\/es\/wp-json\/wp\/v2\/media?parent=68654"}],"wp:term":[{"taxonomy":"product_brand","embeddable":true,"href":"https:\/\/innocentiemangonipiante.it\/es\/wp-json\/wp\/v2\/product_brand?post=68654"},{"taxonomy":"product_cat","embeddable":true,"href":"https:\/\/innocentiemangonipiante.it\/es\/wp-json\/wp\/v2\/product_cat?post=68654"},{"taxonomy":"product_tag","embeddable":true,"href":"https:\/\/innocentiemangonipiante.it\/es\/wp-json\/wp\/v2\/product_tag?post=68654"}],"curies":[{"name":"wp","href":"https:\/\/api.w.org\/{rel}","templated":true}]}}