{"id":68656,"date":"2026-01-07T12:32:34","date_gmt":"2026-01-07T11:32:34","guid":{"rendered":"https:\/\/innocentiemangonipiante.it\/berberis-thunbergii-orange-ice\/"},"modified":"2026-01-07T18:34:10","modified_gmt":"2026-01-07T17:34:10","slug":"berberis-thunbergii-orange-ice","status":"publish","type":"product","link":"https:\/\/innocentiemangonipiante.it\/es\/berberis-thunbergii-orange-ice\/","title":{"rendered":"BERBERIS thunbergii &#8216;Orange Ice&#8217; \u00ae"},"content":{"rendered":"<p>&#8216;Orange Ice&#8217; es un Berberis de tama\u00f1o mediano, con un h\u00e1bito denso, compacto y erguido, que alcanza una altura de 60-70 cm y un ancho de 30 cm despu\u00e9s de seis a\u00f1os. Sus hojas tienen un intenso color naranja claro. Requiere una posici\u00f3n soleada. No tiene requisitos especiales de suelo y es resistente al invierno. Adecuado para la plantaci\u00f3n en jardines peque\u00f1os y medianos, as\u00ed como en macetas en una terraza.<\/p>\n","protected":false},"excerpt":{"rendered":"<p>&#8216;Orange Ice&#8217; es un Berberis de tama\u00f1o mediano, con un h\u00e1bito denso, compacto y erguido, que alcanza una altura de 60-70 cm y un ancho de 30 cm despu\u00e9s de seis a\u00f1os. Sus hojas tienen un intenso color naranja claro. Requiere una posici\u00f3n soleada. No tiene requisitos especiales de suelo y es resistente al invierno. [&hellip;]<\/p>\n","protected":false},"featured_media":67108,"template":"","meta":{"_acf_changed":false},"product_brand":[],"product_cat":[8815],"product_tag":[10899],"class_list":{"0":"post-68656","1":"product","2":"type-product","3":"status-publish","4":"has-post-thumbnail","6":"product_cat-arboles-y-arbustos-persistentes","7":"product_tag-natural-es","8":"pa_altezza-massima-0_60-metros","9":"pa_altezza-massima-0_70-metros","10":"pa_famiglia-berberidaceae-es","11":"pa_genere-berberis-es","12":"pa_inquinamento-resistente-al-smog","13":"pa_origine-poland-es","14":"pa_portamento-arrotondato-es","15":"pa_resistenza-climatica-muy-elevada","16":"pa_utilizzo-balcones","17":"pa_utilizzo-pequenos-jardines","19":"first","20":"instock","21":"purchasable","22":"product-type-simple"},"acf":[],"_links":{"self":[{"href":"https:\/\/innocentiemangonipiante.it\/es\/wp-json\/wp\/v2\/product\/68656","targetHints":{"allow":["GET"]}}],"collection":[{"href":"https:\/\/innocentiemangonipiante.it\/es\/wp-json\/wp\/v2\/product"}],"about":[{"href":"https:\/\/innocentiemangonipiante.it\/es\/wp-json\/wp\/v2\/types\/product"}],"wp:featuredmedia":[{"embeddable":true,"href":"https:\/\/innocentiemangonipiante.it\/es\/wp-json\/wp\/v2\/media\/67108"}],"wp:attachment":[{"href":"https:\/\/innocentiemangonipiante.it\/es\/wp-json\/wp\/v2\/media?parent=68656"}],"wp:term":[{"taxonomy":"product_brand","embeddable":true,"href":"https:\/\/innocentiemangonipiante.it\/es\/wp-json\/wp\/v2\/product_brand?post=68656"},{"taxonomy":"product_cat","embeddable":true,"href":"https:\/\/innocentiemangonipiante.it\/es\/wp-json\/wp\/v2\/product_cat?post=68656"},{"taxonomy":"product_tag","embeddable":true,"href":"https:\/\/innocentiemangonipiante.it\/es\/wp-json\/wp\/v2\/product_tag?post=68656"}],"curies":[{"name":"wp","href":"https:\/\/api.w.org\/{rel}","templated":true}]}}