{"id":68660,"date":"2026-01-07T12:33:46","date_gmt":"2026-01-07T11:33:46","guid":{"rendered":"https:\/\/innocentiemangonipiante.it\/callicarpa-bodinieri-profusion-2\/"},"modified":"2026-01-07T18:34:22","modified_gmt":"2026-01-07T17:34:22","slug":"callicarpa-bodinieri-profusion-2","status":"publish","type":"product","link":"https:\/\/innocentiemangonipiante.it\/es\/callicarpa-bodinieri-profusion-2\/","title":{"rendered":"CALLICARPA bodinieri &#8216;Profusion&#8217;"},"content":{"rendered":"<p>Un arbusto arbustivo de hoja caduca. Las hojas van de el\u00edpticas a obovadas, puntiagudas, de color verde oscuro y de hasta 18 cm de largo. Las hojas j\u00f3venes son de color bronce. Produce racimos axilares de peque\u00f1as flores p\u00farpura p\u00e1lido, de 3,5 cm de ancho, que florecen en junio y julio, seguidas de frutos p\u00farpura en oto\u00f1o.<\/p>\n","protected":false},"excerpt":{"rendered":"<p>Un arbusto arbustivo de hoja caduca. Las hojas van de el\u00edpticas a obovadas, puntiagudas, de color verde oscuro y de hasta 18 cm de largo. Las hojas j\u00f3venes son de color bronce. Produce racimos axilares de peque\u00f1as flores p\u00farpura p\u00e1lido, de 3,5 cm de ancho, que florecen en junio y julio, seguidas de frutos p\u00farpura [&hellip;]<\/p>\n","protected":false},"featured_media":67167,"template":"","meta":{"_acf_changed":false},"product_brand":[],"product_cat":[8814],"product_tag":[10899],"class_list":{"0":"post-68660","1":"product","2":"type-product","3":"status-publish","4":"has-post-thumbnail","6":"product_cat-arboles-y-arbustos-de-hoja-caduca","7":"product_tag-natural-es","8":"pa_altezza-massima-250-es","9":"pa_altezza-massima-300-es","10":"pa_colore-fioritura-violeta","11":"pa_famiglia-verbenaceae-es","12":"pa_genere-callicarpa-es","13":"pa_origine-holanda","14":"pa_periodo-fioritura-julio","15":"pa_periodo-fioritura-junio","16":"pa_portamento-cespuglioso-es","17":"pa_resistenza-climatica-muy-elevada","18":"pa_utilizzo-balcones","19":"pa_utilizzo-borduras","20":"pa_utilizzo-pequenos-jardines","22":"first","23":"instock","24":"purchasable","25":"product-type-simple"},"acf":[],"_links":{"self":[{"href":"https:\/\/innocentiemangonipiante.it\/es\/wp-json\/wp\/v2\/product\/68660","targetHints":{"allow":["GET"]}}],"collection":[{"href":"https:\/\/innocentiemangonipiante.it\/es\/wp-json\/wp\/v2\/product"}],"about":[{"href":"https:\/\/innocentiemangonipiante.it\/es\/wp-json\/wp\/v2\/types\/product"}],"wp:featuredmedia":[{"embeddable":true,"href":"https:\/\/innocentiemangonipiante.it\/es\/wp-json\/wp\/v2\/media\/67167"}],"wp:attachment":[{"href":"https:\/\/innocentiemangonipiante.it\/es\/wp-json\/wp\/v2\/media?parent=68660"}],"wp:term":[{"taxonomy":"product_brand","embeddable":true,"href":"https:\/\/innocentiemangonipiante.it\/es\/wp-json\/wp\/v2\/product_brand?post=68660"},{"taxonomy":"product_cat","embeddable":true,"href":"https:\/\/innocentiemangonipiante.it\/es\/wp-json\/wp\/v2\/product_cat?post=68660"},{"taxonomy":"product_tag","embeddable":true,"href":"https:\/\/innocentiemangonipiante.it\/es\/wp-json\/wp\/v2\/product_tag?post=68660"}],"curies":[{"name":"wp","href":"https:\/\/api.w.org\/{rel}","templated":true}]}}