{"id":68664,"date":"2026-01-07T13:01:13","date_gmt":"2026-01-07T12:01:13","guid":{"rendered":"https:\/\/innocentiemangonipiante.it\/deutzia-yuki-cherry-blossom\/"},"modified":"2026-01-07T18:34:35","modified_gmt":"2026-01-07T17:34:35","slug":"deutzia-yuki-cherry-blossom","status":"publish","type":"product","link":"https:\/\/innocentiemangonipiante.it\/es\/deutzia-yuki-cherry-blossom\/","title":{"rendered":"DEUTZIA &#8216;Yuki Cherry Blossom&#8217; \u00ae"},"content":{"rendered":"<p>Peque\u00f1o arbusto caducifolio de porte compacto. Hojas de color verde oscuro que adquieren un tono bronce-p\u00farpura en oto\u00f1o. Abundante floraci\u00f3n primaveral de flores rosadas claras con bordes blancos.<\/p>\n","protected":false},"excerpt":{"rendered":"<p>Peque\u00f1o arbusto caducifolio de porte compacto. Hojas de color verde oscuro que adquieren un tono bronce-p\u00farpura en oto\u00f1o. Abundante floraci\u00f3n primaveral de flores rosadas claras con bordes blancos.<\/p>\n","protected":false},"featured_media":67307,"template":"","meta":{"_acf_changed":false},"product_brand":[],"product_cat":[8814],"product_tag":[10899],"class_list":{"0":"post-68664","1":"product","2":"type-product","3":"status-publish","4":"has-post-thumbnail","6":"product_cat-arboles-y-arbustos-de-hoja-caduca","7":"product_tag-natural-es","8":"pa_altezza-massima-0_50-metros","9":"pa_altezza-massima-0_60-metros","10":"pa_colore-fioritura-rosado","11":"pa_famiglia-hydrageaceae","12":"pa_genere-deutzia-es","13":"pa_inquinamento-resistente-al-smog","14":"pa_origine-origine-delle-piante-u-s-a-es","15":"pa_periodo-fioritura-junio","16":"pa_periodo-fioritura-mayo","17":"pa_portamento-eretto-es","18":"pa_resistenza-climatica-muy-elevada","19":"pa_utilizzo-borduras","20":"pa_utilizzo-pequenos-jardines","22":"first","23":"instock","24":"purchasable","25":"product-type-simple"},"acf":[],"_links":{"self":[{"href":"https:\/\/innocentiemangonipiante.it\/es\/wp-json\/wp\/v2\/product\/68664","targetHints":{"allow":["GET"]}}],"collection":[{"href":"https:\/\/innocentiemangonipiante.it\/es\/wp-json\/wp\/v2\/product"}],"about":[{"href":"https:\/\/innocentiemangonipiante.it\/es\/wp-json\/wp\/v2\/types\/product"}],"wp:featuredmedia":[{"embeddable":true,"href":"https:\/\/innocentiemangonipiante.it\/es\/wp-json\/wp\/v2\/media\/67307"}],"wp:attachment":[{"href":"https:\/\/innocentiemangonipiante.it\/es\/wp-json\/wp\/v2\/media?parent=68664"}],"wp:term":[{"taxonomy":"product_brand","embeddable":true,"href":"https:\/\/innocentiemangonipiante.it\/es\/wp-json\/wp\/v2\/product_brand?post=68664"},{"taxonomy":"product_cat","embeddable":true,"href":"https:\/\/innocentiemangonipiante.it\/es\/wp-json\/wp\/v2\/product_cat?post=68664"},{"taxonomy":"product_tag","embeddable":true,"href":"https:\/\/innocentiemangonipiante.it\/es\/wp-json\/wp\/v2\/product_tag?post=68664"}],"curies":[{"name":"wp","href":"https:\/\/api.w.org\/{rel}","templated":true}]}}