{"id":68669,"date":"2026-01-07T13:06:01","date_gmt":"2026-01-07T12:06:01","guid":{"rendered":"https:\/\/innocentiemangonipiante.it\/eucalyptus-citriodora\/"},"modified":"2026-01-07T18:35:11","modified_gmt":"2026-01-07T17:35:11","slug":"eucalyptus-citriodora","status":"publish","type":"product","link":"https:\/\/innocentiemangonipiante.it\/es\/eucalyptus-citriodora\/","title":{"rendered":"EUCALYPTUS citriodora"},"content":{"rendered":"<p>Un \u00e1rbol o arbusto perenne con hojas alargadas, tomentosas, de color verde gris\u00e1ceo e intensamente perfumadas a lim\u00f3n. Prefiere exposiciones a pleno sol y cualquier tipo de suelo bien drenado y fresco. Los aceites esenciales contenidos en las hojas se utilizan ampliamente en herborister\u00eda y perfumer\u00eda, y son un excelente repelente de mosquitos.<\/p>\n","protected":false},"excerpt":{"rendered":"<p>Un \u00e1rbol o arbusto perenne con hojas alargadas, tomentosas, de color verde gris\u00e1ceo e intensamente perfumadas a lim\u00f3n. Prefiere exposiciones a pleno sol y cualquier tipo de suelo bien drenado y fresco. Los aceites esenciales contenidos en las hojas se utilizan ampliamente en herborister\u00eda y perfumer\u00eda, y son un excelente repelente de mosquitos.<\/p>\n","protected":false},"featured_media":67387,"template":"","meta":{"_acf_changed":false},"product_brand":[],"product_cat":[8815],"product_tag":[10899],"class_list":{"0":"post-68669","1":"product","2":"type-product","3":"status-publish","4":"has-post-thumbnail","6":"product_cat-arboles-y-arbustos-persistentes","7":"product_tag-natural-es","8":"pa_altezza-massima-1000-es-2","9":"pa_altezza-massima-15-metros","10":"pa_colore-delle-foglie-grises-es","11":"pa_colore-fioritura-blanco","12":"pa_famiglia-myrtaceae-es","13":"pa_genere-eucalyptus-es","14":"pa_origine-australia-es","15":"pa_periodo-fioritura-diciembre","16":"pa_periodo-fioritura-noviembre","17":"pa_portamento-allargato-es","18":"pa_resistenza-climatica-plantas-con-baja-resistencia-climatica","19":"pa_salinita-resistente-alla-salsedine-es","20":"pa_utilizzo-parques","22":"first","23":"instock","24":"purchasable","25":"product-type-simple"},"acf":[],"_links":{"self":[{"href":"https:\/\/innocentiemangonipiante.it\/es\/wp-json\/wp\/v2\/product\/68669","targetHints":{"allow":["GET"]}}],"collection":[{"href":"https:\/\/innocentiemangonipiante.it\/es\/wp-json\/wp\/v2\/product"}],"about":[{"href":"https:\/\/innocentiemangonipiante.it\/es\/wp-json\/wp\/v2\/types\/product"}],"wp:featuredmedia":[{"embeddable":true,"href":"https:\/\/innocentiemangonipiante.it\/es\/wp-json\/wp\/v2\/media\/67387"}],"wp:attachment":[{"href":"https:\/\/innocentiemangonipiante.it\/es\/wp-json\/wp\/v2\/media?parent=68669"}],"wp:term":[{"taxonomy":"product_brand","embeddable":true,"href":"https:\/\/innocentiemangonipiante.it\/es\/wp-json\/wp\/v2\/product_brand?post=68669"},{"taxonomy":"product_cat","embeddable":true,"href":"https:\/\/innocentiemangonipiante.it\/es\/wp-json\/wp\/v2\/product_cat?post=68669"},{"taxonomy":"product_tag","embeddable":true,"href":"https:\/\/innocentiemangonipiante.it\/es\/wp-json\/wp\/v2\/product_tag?post=68669"}],"curies":[{"name":"wp","href":"https:\/\/api.w.org\/{rel}","templated":true}]}}