{"id":68671,"date":"2026-01-07T14:16:35","date_gmt":"2026-01-07T13:16:35","guid":{"rendered":"https:\/\/innocentiemangonipiante.it\/hydrangea-paniculata-groundbreaker-blush\/"},"modified":"2026-01-07T18:35:18","modified_gmt":"2026-01-07T17:35:18","slug":"hydrangea-paniculata-groundbreaker-blush","status":"publish","type":"product","link":"https:\/\/innocentiemangonipiante.it\/es\/hydrangea-paniculata-groundbreaker-blush\/","title":{"rendered":"HYDRANGEA paniculata &#8216;Groundbreaker \u00ae Blush&#8217;"},"content":{"rendered":"<p>Hermosa selecci\u00f3n de hortensias para el paisaje. Variedad extendida, tambi\u00e9n cultivable en maceta. Florece de julio a noviembre con grandes inflorescencias blancas y rosas que aparecen simult\u00e1neamente blancas y rosas. Resistente al fr\u00edo y a las heladas.<\/p>\n","protected":false},"excerpt":{"rendered":"<p>Hermosa selecci\u00f3n de hortensias para el paisaje. Variedad extendida, tambi\u00e9n cultivable en maceta. Florece de julio a noviembre con grandes inflorescencias blancas y rosas que aparecen simult\u00e1neamente blancas y rosas. Resistente al fr\u00edo y a las heladas.<\/p>\n","protected":false},"featured_media":67429,"template":"","meta":{"_acf_changed":false},"product_brand":[],"product_cat":[8814],"product_tag":[10899],"class_list":{"0":"post-68671","1":"product","2":"type-product","3":"status-publish","4":"has-post-thumbnail","6":"product_cat-arboles-y-arbustos-de-hoja-caduca","7":"product_tag-natural-es","8":"pa_altezza-massima-0_30-metros","9":"pa_altezza-massima-0_50-metros","10":"pa_colore-fioritura-rosado","11":"pa_famiglia-hydrangeaceae-es","12":"pa_genere-hydrangea-es","13":"pa_origine-holanda","14":"pa_periodo-fioritura-agosto-es","15":"pa_periodo-fioritura-diciembre","16":"pa_periodo-fioritura-julio","17":"pa_periodo-fioritura-junio","18":"pa_periodo-fioritura-noviembre","19":"pa_periodo-fioritura-octubre","20":"pa_periodo-fioritura-septiembre","21":"pa_portamento-allargato-es","22":"pa_resistenza-climatica-media-elevada","23":"pa_salinita-resistente-alla-salsedine-es","24":"pa_utilizzo-balcones","25":"pa_utilizzo-borduras","26":"pa_utilizzo-parques","27":"pa_utilizzo-pequenos-jardines","29":"first","30":"instock","31":"purchasable","32":"product-type-simple"},"acf":[],"_links":{"self":[{"href":"https:\/\/innocentiemangonipiante.it\/es\/wp-json\/wp\/v2\/product\/68671","targetHints":{"allow":["GET"]}}],"collection":[{"href":"https:\/\/innocentiemangonipiante.it\/es\/wp-json\/wp\/v2\/product"}],"about":[{"href":"https:\/\/innocentiemangonipiante.it\/es\/wp-json\/wp\/v2\/types\/product"}],"wp:featuredmedia":[{"embeddable":true,"href":"https:\/\/innocentiemangonipiante.it\/es\/wp-json\/wp\/v2\/media\/67429"}],"wp:attachment":[{"href":"https:\/\/innocentiemangonipiante.it\/es\/wp-json\/wp\/v2\/media?parent=68671"}],"wp:term":[{"taxonomy":"product_brand","embeddable":true,"href":"https:\/\/innocentiemangonipiante.it\/es\/wp-json\/wp\/v2\/product_brand?post=68671"},{"taxonomy":"product_cat","embeddable":true,"href":"https:\/\/innocentiemangonipiante.it\/es\/wp-json\/wp\/v2\/product_cat?post=68671"},{"taxonomy":"product_tag","embeddable":true,"href":"https:\/\/innocentiemangonipiante.it\/es\/wp-json\/wp\/v2\/product_tag?post=68671"}],"curies":[{"name":"wp","href":"https:\/\/api.w.org\/{rel}","templated":true}]}}