{"id":68672,"date":"2026-01-07T14:18:31","date_gmt":"2026-01-07T13:18:31","guid":{"rendered":"https:\/\/innocentiemangonipiante.it\/hydrangea-quercifolia-tara\/"},"modified":"2026-01-07T18:35:24","modified_gmt":"2026-01-07T17:35:24","slug":"hydrangea-quercifolia-tara","status":"publish","type":"product","link":"https:\/\/innocentiemangonipiante.it\/es\/hydrangea-quercifolia-tara\/","title":{"rendered":"HYDRANGEA quercifolia &#8216;Tara&#8217; \u00ae"},"content":{"rendered":"<p>Una variedad que se distingue por sus pan\u00edculas de flores blancas incre\u00edblemente densas desde finales del verano hasta el oto\u00f1o. Las hojas verdes se tornan de color bronce y rojo en oto\u00f1o. Tolera el sol pleno, pero prefiere la semisombra.<\/p>\n","protected":false},"excerpt":{"rendered":"<p>Una variedad que se distingue por sus pan\u00edculas de flores blancas incre\u00edblemente densas desde finales del verano hasta el oto\u00f1o. Las hojas verdes se tornan de color bronce y rojo en oto\u00f1o. Tolera el sol pleno, pero prefiere la semisombra.<\/p>\n","protected":false},"featured_media":67525,"template":"","meta":{"_acf_changed":false},"product_brand":[],"product_cat":[8814],"product_tag":[10899],"class_list":{"0":"post-68672","1":"product","2":"type-product","3":"status-publish","4":"has-post-thumbnail","6":"product_cat-arboles-y-arbustos-de-hoja-caduca","7":"product_tag-natural-es","8":"pa_altezza-massima-13928","9":"pa_altezza-massima-1-00","10":"pa_colore-fioritura-blanco","11":"pa_famiglia-hydrangeaceae-es","12":"pa_genere-hydrangea-es","13":"pa_origine-origine-delle-piante-u-s-a-es","14":"pa_periodo-fioritura-noviembre","15":"pa_periodo-fioritura-octubre","16":"pa_periodo-fioritura-septiembre","17":"pa_portamento-allargato-es","18":"pa_resistenza-climatica-media-elevada","19":"pa_salinita-resistente-alla-salsedine-es","20":"pa_utilizzo-parques","21":"pa_utilizzo-pequenos-jardines","23":"first","24":"instock","25":"purchasable","26":"product-type-simple"},"acf":[],"_links":{"self":[{"href":"https:\/\/innocentiemangonipiante.it\/es\/wp-json\/wp\/v2\/product\/68672","targetHints":{"allow":["GET"]}}],"collection":[{"href":"https:\/\/innocentiemangonipiante.it\/es\/wp-json\/wp\/v2\/product"}],"about":[{"href":"https:\/\/innocentiemangonipiante.it\/es\/wp-json\/wp\/v2\/types\/product"}],"wp:featuredmedia":[{"embeddable":true,"href":"https:\/\/innocentiemangonipiante.it\/es\/wp-json\/wp\/v2\/media\/67525"}],"wp:attachment":[{"href":"https:\/\/innocentiemangonipiante.it\/es\/wp-json\/wp\/v2\/media?parent=68672"}],"wp:term":[{"taxonomy":"product_brand","embeddable":true,"href":"https:\/\/innocentiemangonipiante.it\/es\/wp-json\/wp\/v2\/product_brand?post=68672"},{"taxonomy":"product_cat","embeddable":true,"href":"https:\/\/innocentiemangonipiante.it\/es\/wp-json\/wp\/v2\/product_cat?post=68672"},{"taxonomy":"product_tag","embeddable":true,"href":"https:\/\/innocentiemangonipiante.it\/es\/wp-json\/wp\/v2\/product_tag?post=68672"}],"curies":[{"name":"wp","href":"https:\/\/api.w.org\/{rel}","templated":true}]}}