{"id":68674,"date":"2026-01-07T14:22:49","date_gmt":"2026-01-07T13:22:49","guid":{"rendered":"https:\/\/innocentiemangonipiante.it\/ilex-paraguariensis-garden-2-cup\/"},"modified":"2026-01-07T18:35:30","modified_gmt":"2026-01-07T17:35:30","slug":"ilex-paraguariensis-garden-2-cup","status":"publish","type":"product","link":"https:\/\/innocentiemangonipiante.it\/es\/ilex-paraguariensis-garden-2-cup\/","title":{"rendered":"ILEX paraguariensis &#8216;Garden 2 Cup&#8217; \u00ae"},"content":{"rendered":"<p>Planta de mate, de la maceraci\u00f3n de su follaje se obtiene esta bebida. Peque\u00f1o \u00e1rbol de porte arbustivo, cultivable en tierra o en maceta. Pequenos flores blancas, que se forman durante el oto\u00f1o y el invierno, se convertir\u00e1n en bayas de color rojo oscuro entre enero y marzo.<\/p>\n","protected":false},"excerpt":{"rendered":"<p>Planta de mate, de la maceraci\u00f3n de su follaje se obtiene esta bebida. Peque\u00f1o \u00e1rbol de porte arbustivo, cultivable en tierra o en maceta. Pequenos flores blancas, que se forman durante el oto\u00f1o y el invierno, se convertir\u00e1n en bayas de color rojo oscuro entre enero y marzo.<\/p>\n","protected":false},"featured_media":67587,"template":"","meta":{"_acf_changed":false},"product_brand":[],"product_cat":[8815],"product_tag":[10899],"class_list":{"0":"post-68674","1":"product","2":"type-product","3":"status-publish","4":"has-post-thumbnail","6":"product_cat-arboles-y-arbustos-persistentes","7":"product_tag-natural-es","8":"pa_altezza-massima-100-es","9":"pa_altezza-massima-150-es","10":"pa_colore-fioritura-blanco","11":"pa_famiglia-aquifoliaceae-es","12":"pa_genere-ilex-es","13":"pa_origine-sverige","14":"pa_periodo-fioritura-noviembre","15":"pa_periodo-fioritura-octubre","16":"pa_periodo-fruttificazione-enero","17":"pa_periodo-fruttificazione-febrero","18":"pa_periodo-fruttificazione-marzo-es","19":"pa_portamento-cespuglioso-es","20":"pa_resistenza-climatica-muy-elevada","21":"pa_utilizzo-balcones","22":"pa_utilizzo-pequenos-jardines","24":"first","25":"instock","26":"purchasable","27":"product-type-simple"},"acf":[],"_links":{"self":[{"href":"https:\/\/innocentiemangonipiante.it\/es\/wp-json\/wp\/v2\/product\/68674","targetHints":{"allow":["GET"]}}],"collection":[{"href":"https:\/\/innocentiemangonipiante.it\/es\/wp-json\/wp\/v2\/product"}],"about":[{"href":"https:\/\/innocentiemangonipiante.it\/es\/wp-json\/wp\/v2\/types\/product"}],"wp:featuredmedia":[{"embeddable":true,"href":"https:\/\/innocentiemangonipiante.it\/es\/wp-json\/wp\/v2\/media\/67587"}],"wp:attachment":[{"href":"https:\/\/innocentiemangonipiante.it\/es\/wp-json\/wp\/v2\/media?parent=68674"}],"wp:term":[{"taxonomy":"product_brand","embeddable":true,"href":"https:\/\/innocentiemangonipiante.it\/es\/wp-json\/wp\/v2\/product_brand?post=68674"},{"taxonomy":"product_cat","embeddable":true,"href":"https:\/\/innocentiemangonipiante.it\/es\/wp-json\/wp\/v2\/product_cat?post=68674"},{"taxonomy":"product_tag","embeddable":true,"href":"https:\/\/innocentiemangonipiante.it\/es\/wp-json\/wp\/v2\/product_tag?post=68674"}],"curies":[{"name":"wp","href":"https:\/\/api.w.org\/{rel}","templated":true}]}}