{"id":68678,"date":"2026-01-07T14:24:20","date_gmt":"2026-01-07T13:24:20","guid":{"rendered":"https:\/\/innocentiemangonipiante.it\/leptospermum-crimson-glory\/"},"modified":"2026-01-07T18:36:05","modified_gmt":"2026-01-07T17:36:05","slug":"leptospermum-crimson-glory","status":"publish","type":"product","link":"https:\/\/innocentiemangonipiante.it\/es\/leptospermum-crimson-glory\/","title":{"rendered":"LEPTOSPERMUM &#8216;Crimson Glory&#8217;"},"content":{"rendered":"<p>Una variedad de tama\u00f1o medio con porte erecto, que presenta una floraci\u00f3n brillante en un tono rosa casi rojo. A finales de la primavera o principios del verano, sus peque\u00f1as flores dobles florecen a lo largo de las ramas. El follaje cambia de verde oscuro a verde marr\u00f3n.<\/p>\n","protected":false},"excerpt":{"rendered":"<p>Una variedad de tama\u00f1o medio con porte erecto, que presenta una floraci\u00f3n brillante en un tono rosa casi rojo. A finales de la primavera o principios del verano, sus peque\u00f1as flores dobles florecen a lo largo de las ramas. El follaje cambia de verde oscuro a verde marr\u00f3n.<\/p>\n","protected":false},"featured_media":67636,"template":"","meta":{"_acf_changed":false},"product_brand":[],"product_cat":[8815],"product_tag":[10899],"class_list":{"0":"post-68678","1":"product","2":"type-product","3":"status-publish","4":"has-post-thumbnail","6":"product_cat-arboles-y-arbustos-persistentes","7":"product_tag-natural-es","8":"pa_altezza-massima-150-es","9":"pa_colore-fioritura-rosado","10":"pa_famiglia-myrtaceae-es","11":"pa_genere-leptospermum-es","12":"pa_origine-australia-es","13":"pa_periodo-fioritura-agosto-es","14":"pa_periodo-fioritura-julio","15":"pa_periodo-fioritura-junio","16":"pa_periodo-fioritura-mayo","17":"pa_portamento-eretto-es","18":"pa_profumo-delicato-es","19":"pa_resistenza-climatica-media-elevada","20":"pa_utilizzo-parques","21":"pa_utilizzo-pequenos-jardines","23":"first","24":"instock","25":"purchasable","26":"product-type-simple"},"acf":[],"_links":{"self":[{"href":"https:\/\/innocentiemangonipiante.it\/es\/wp-json\/wp\/v2\/product\/68678","targetHints":{"allow":["GET"]}}],"collection":[{"href":"https:\/\/innocentiemangonipiante.it\/es\/wp-json\/wp\/v2\/product"}],"about":[{"href":"https:\/\/innocentiemangonipiante.it\/es\/wp-json\/wp\/v2\/types\/product"}],"wp:featuredmedia":[{"embeddable":true,"href":"https:\/\/innocentiemangonipiante.it\/es\/wp-json\/wp\/v2\/media\/67636"}],"wp:attachment":[{"href":"https:\/\/innocentiemangonipiante.it\/es\/wp-json\/wp\/v2\/media?parent=68678"}],"wp:term":[{"taxonomy":"product_brand","embeddable":true,"href":"https:\/\/innocentiemangonipiante.it\/es\/wp-json\/wp\/v2\/product_brand?post=68678"},{"taxonomy":"product_cat","embeddable":true,"href":"https:\/\/innocentiemangonipiante.it\/es\/wp-json\/wp\/v2\/product_cat?post=68678"},{"taxonomy":"product_tag","embeddable":true,"href":"https:\/\/innocentiemangonipiante.it\/es\/wp-json\/wp\/v2\/product_tag?post=68678"}],"curies":[{"name":"wp","href":"https:\/\/api.w.org\/{rel}","templated":true}]}}