{"id":68680,"date":"2026-01-07T14:25:02","date_gmt":"2026-01-07T13:25:02","guid":{"rendered":"https:\/\/innocentiemangonipiante.it\/magnolia-stellar-ruby\/"},"modified":"2026-01-08T12:28:01","modified_gmt":"2026-01-08T11:28:01","slug":"magnolia-stellar-ruby","status":"publish","type":"product","link":"https:\/\/innocentiemangonipiante.it\/es\/magnolia-stellar-ruby\/","title":{"rendered":"MAGNOLIA &#8216;Stellar Ruby&#8217; \u00ae"},"content":{"rendered":"<p>Esta magn\u00edfica variedad de magnolia perenne se distingue por su porte columnar, lo que la hace adecuada tanto para jardines grandes como peque\u00f1os. Su follaje verde brillante es muy denso y se cubre de flores color rub\u00ed desde la primavera hasta comienzos del verano. A finales del verano, sorprender\u00e1 con una nueva serie de floraciones perfumadas.<\/p>\n","protected":false},"excerpt":{"rendered":"<p>Esta magn\u00edfica variedad de magnolia perenne se distingue por su porte columnar, lo que la hace adecuada tanto para jardines grandes como peque\u00f1os. Su follaje verde brillante es muy denso y se cubre de flores color rub\u00ed desde la primavera hasta comienzos del verano. A finales del verano, sorprender\u00e1 con una nueva serie de floraciones [&hellip;]<\/p>\n","protected":false},"featured_media":67673,"template":"","meta":{"_acf_changed":false},"product_brand":[],"product_cat":[8815],"product_tag":[10899],"class_list":{"0":"post-68680","1":"product","2":"type-product","3":"status-publish","4":"has-post-thumbnail","6":"product_cat-arboles-y-arbustos-persistentes","7":"product_tag-natural-es","8":"pa_altezza-massima-300-es","9":"pa_altezza-massima-400-es","10":"pa_colore-fioritura-rojo","11":"pa_famiglia-magnoliaceae-es","12":"pa_genere-magnolia-es","13":"pa_origine-origine-delle-piante-u-s-a-es","14":"pa_periodo-fioritura-abril","15":"pa_periodo-fioritura-junio","16":"pa_periodo-fioritura-mayo","17":"pa_periodo-fioritura-septiembre","18":"pa_portamento-fastigiato-es","19":"pa_profumo-intenso-es","20":"pa_resistenza-climatica-muy-elevada","21":"pa_utilizzo-pequenos-jardines","23":"first","24":"instock","25":"purchasable","26":"product-type-simple"},"acf":[],"_links":{"self":[{"href":"https:\/\/innocentiemangonipiante.it\/es\/wp-json\/wp\/v2\/product\/68680","targetHints":{"allow":["GET"]}}],"collection":[{"href":"https:\/\/innocentiemangonipiante.it\/es\/wp-json\/wp\/v2\/product"}],"about":[{"href":"https:\/\/innocentiemangonipiante.it\/es\/wp-json\/wp\/v2\/types\/product"}],"wp:featuredmedia":[{"embeddable":true,"href":"https:\/\/innocentiemangonipiante.it\/es\/wp-json\/wp\/v2\/media\/67673"}],"wp:attachment":[{"href":"https:\/\/innocentiemangonipiante.it\/es\/wp-json\/wp\/v2\/media?parent=68680"}],"wp:term":[{"taxonomy":"product_brand","embeddable":true,"href":"https:\/\/innocentiemangonipiante.it\/es\/wp-json\/wp\/v2\/product_brand?post=68680"},{"taxonomy":"product_cat","embeddable":true,"href":"https:\/\/innocentiemangonipiante.it\/es\/wp-json\/wp\/v2\/product_cat?post=68680"},{"taxonomy":"product_tag","embeddable":true,"href":"https:\/\/innocentiemangonipiante.it\/es\/wp-json\/wp\/v2\/product_tag?post=68680"}],"curies":[{"name":"wp","href":"https:\/\/api.w.org\/{rel}","templated":true}]}}