{"id":68684,"date":"2026-01-07T15:13:00","date_gmt":"2026-01-07T14:13:00","guid":{"rendered":"https:\/\/innocentiemangonipiante.it\/olea-europaea-favolosa\/"},"modified":"2026-01-07T18:36:24","modified_gmt":"2026-01-07T17:36:24","slug":"olea-europaea-favolosa","status":"publish","type":"product","link":"https:\/\/innocentiemangonipiante.it\/es\/olea-europaea-favolosa\/","title":{"rendered":"OLEA europaea &#8216;Favolosa&#8217;"},"content":{"rendered":"<p>Una variedad de olivo seleccionada en Italia mediante la selecci\u00f3n masal de pl\u00e1ntulas de la variedad &#8216;Frantoio&#8217;. Una de sus principales caracter\u00edsticas es su resistencia a la bacteria Xylella Fastidiosa. Ya en el 2\u00ba y 3\u00ba a\u00f1o, la fructificaci\u00f3n es densa y proporciona un alto rendimiento en cantidad de aceite de calidad.<\/p>\n","protected":false},"excerpt":{"rendered":"<p>Una variedad de olivo seleccionada en Italia mediante la selecci\u00f3n masal de pl\u00e1ntulas de la variedad &#8216;Frantoio&#8217;. Una de sus principales caracter\u00edsticas es su resistencia a la bacteria Xylella Fastidiosa. Ya en el 2\u00ba y 3\u00ba a\u00f1o, la fructificaci\u00f3n es densa y proporciona un alto rendimiento en cantidad de aceite de calidad.<\/p>\n","protected":false},"featured_media":67837,"template":"","meta":{"_acf_changed":false},"product_brand":[],"product_cat":[8815],"product_tag":[10899],"class_list":{"0":"post-68684","1":"product","2":"type-product","3":"status-publish","4":"has-post-thumbnail","6":"product_cat-arboles-y-arbustos-persistentes","7":"product_tag-natural-es","8":"pa_altezza-massima-700-es-2","9":"pa_altezza-massima-800-es","10":"pa_colore-delle-foglie-grises-es","11":"pa_colore-fioritura-blanco","12":"pa_famiglia-oleaceae-es","13":"pa_genere-olea-es","14":"pa_origine-italia-es","15":"pa_periodo-fioritura-mayo","16":"pa_periodo-fruttificazione-noviembre","17":"pa_periodo-fruttificazione-octubre","18":"pa_portamento-arrotondato-es","19":"pa_profumo-delicato-es","20":"pa_resistenza-climatica-plantas-con-baja-resistencia-climatica","21":"pa_utilizzo-parques","23":"first","24":"instock","25":"purchasable","26":"product-type-simple"},"acf":[],"_links":{"self":[{"href":"https:\/\/innocentiemangonipiante.it\/es\/wp-json\/wp\/v2\/product\/68684","targetHints":{"allow":["GET"]}}],"collection":[{"href":"https:\/\/innocentiemangonipiante.it\/es\/wp-json\/wp\/v2\/product"}],"about":[{"href":"https:\/\/innocentiemangonipiante.it\/es\/wp-json\/wp\/v2\/types\/product"}],"wp:featuredmedia":[{"embeddable":true,"href":"https:\/\/innocentiemangonipiante.it\/es\/wp-json\/wp\/v2\/media\/67837"}],"wp:attachment":[{"href":"https:\/\/innocentiemangonipiante.it\/es\/wp-json\/wp\/v2\/media?parent=68684"}],"wp:term":[{"taxonomy":"product_brand","embeddable":true,"href":"https:\/\/innocentiemangonipiante.it\/es\/wp-json\/wp\/v2\/product_brand?post=68684"},{"taxonomy":"product_cat","embeddable":true,"href":"https:\/\/innocentiemangonipiante.it\/es\/wp-json\/wp\/v2\/product_cat?post=68684"},{"taxonomy":"product_tag","embeddable":true,"href":"https:\/\/innocentiemangonipiante.it\/es\/wp-json\/wp\/v2\/product_tag?post=68684"}],"curies":[{"name":"wp","href":"https:\/\/api.w.org\/{rel}","templated":true}]}}