{"id":68690,"date":"2026-01-07T15:41:12","date_gmt":"2026-01-07T14:41:12","guid":{"rendered":"https:\/\/innocentiemangonipiante.it\/pinus-nigra-oregon-green\/"},"modified":"2026-01-07T18:36:45","modified_gmt":"2026-01-07T17:36:45","slug":"pinus-nigra-oregon-green","status":"publish","type":"product","link":"https:\/\/innocentiemangonipiante.it\/es\/pinus-nigra-oregon-green\/","title":{"rendered":"PINUS nigra &#8216;Oregon Green&#8217;"},"content":{"rendered":"<p>Una selecci\u00f3n amplia y robusta de pino austriaco con ramificaci\u00f3n asim\u00e9trica y agujas brillantes de color verde oscuro que crecen contra la rama. Los nuevos brotes son erguidos y de un caracter\u00edstico color blanco. Adecuado para peque\u00f1os jardines o avenidas en parques.<\/p>\n","protected":false},"excerpt":{"rendered":"<p>Una selecci\u00f3n amplia y robusta de pino austriaco con ramificaci\u00f3n asim\u00e9trica y agujas brillantes de color verde oscuro que crecen contra la rama. Los nuevos brotes son erguidos y de un caracter\u00edstico color blanco. Adecuado para peque\u00f1os jardines o avenidas en parques.<\/p>\n","protected":false},"featured_media":68038,"template":"","meta":{"_acf_changed":false},"product_brand":[],"product_cat":[8826],"product_tag":[10899],"class_list":{"0":"post-68690","1":"product","2":"type-product","3":"status-publish","4":"has-post-thumbnail","6":"product_cat-coniferas","7":"product_tag-natural-es","8":"pa_altezza-massima-500-es","9":"pa_altezza-massima-600-es","10":"pa_famiglia-pinaceae-es","11":"pa_genere-pinus-es","12":"pa_inquinamento-resistente-al-smog","13":"pa_origine-origine-delle-piante-u-s-a-es","14":"pa_portamento-piramidale-es","15":"pa_resistenza-climatica-muy-elevada","16":"pa_salinita-resistente-alla-salsedine-es","17":"pa_utilizzo-avenidas","18":"pa_utilizzo-parques","19":"pa_utilizzo-pequenos-jardines","21":"first","22":"instock","23":"purchasable","24":"product-type-simple"},"acf":[],"_links":{"self":[{"href":"https:\/\/innocentiemangonipiante.it\/es\/wp-json\/wp\/v2\/product\/68690","targetHints":{"allow":["GET"]}}],"collection":[{"href":"https:\/\/innocentiemangonipiante.it\/es\/wp-json\/wp\/v2\/product"}],"about":[{"href":"https:\/\/innocentiemangonipiante.it\/es\/wp-json\/wp\/v2\/types\/product"}],"wp:featuredmedia":[{"embeddable":true,"href":"https:\/\/innocentiemangonipiante.it\/es\/wp-json\/wp\/v2\/media\/68038"}],"wp:attachment":[{"href":"https:\/\/innocentiemangonipiante.it\/es\/wp-json\/wp\/v2\/media?parent=68690"}],"wp:term":[{"taxonomy":"product_brand","embeddable":true,"href":"https:\/\/innocentiemangonipiante.it\/es\/wp-json\/wp\/v2\/product_brand?post=68690"},{"taxonomy":"product_cat","embeddable":true,"href":"https:\/\/innocentiemangonipiante.it\/es\/wp-json\/wp\/v2\/product_cat?post=68690"},{"taxonomy":"product_tag","embeddable":true,"href":"https:\/\/innocentiemangonipiante.it\/es\/wp-json\/wp\/v2\/product_tag?post=68690"}],"curies":[{"name":"wp","href":"https:\/\/api.w.org\/{rel}","templated":true}]}}