{"id":68700,"date":"2026-01-07T15:50:18","date_gmt":"2026-01-07T14:50:18","guid":{"rendered":"https:\/\/innocentiemangonipiante.it\/rhyncospermum-jasminoides-star-of-milano\/"},"modified":"2026-01-07T18:37:41","modified_gmt":"2026-01-07T17:37:41","slug":"rhyncospermum-jasminoides-star-of-milano","status":"publish","type":"product","link":"https:\/\/innocentiemangonipiante.it\/es\/rhyncospermum-jasminoides-star-of-milano\/","title":{"rendered":"RHYNCOSPERMUM jasminoides &#8216;Star of Milano&#8217; \u00ae"},"content":{"rendered":"<p>Hojas brillantes de color verde oscuro variegadas en blanco crema. Larga floraci\u00f3n de mayo a septiembre con flores rosadas y perfumadas. Prefiere una ubicaci\u00f3n soleada y es resistente a la sequ\u00eda.<\/p>\n","protected":false},"excerpt":{"rendered":"<p>Hojas brillantes de color verde oscuro variegadas en blanco crema. Larga floraci\u00f3n de mayo a septiembre con flores rosadas y perfumadas. Prefiere una ubicaci\u00f3n soleada y es resistente a la sequ\u00eda.<\/p>\n","protected":false},"featured_media":68323,"template":"","meta":{"_acf_changed":false},"product_brand":[],"product_cat":[8838],"product_tag":[10899],"class_list":{"0":"post-68700","1":"product","2":"type-product","3":"status-publish","4":"has-post-thumbnail","6":"product_cat-enredaderas","7":"product_tag-natural-es","8":"pa_altezza-massima-200-es","9":"pa_altezza-massima-300-es","10":"pa_colore-delle-foglie-variegadas","11":"pa_colore-fioritura-rosado","12":"pa_famiglia-apocynaceae-es","13":"pa_genere-rhyncospermum-es","14":"pa_origine-japon-es","15":"pa_periodo-fioritura-agosto-es","16":"pa_periodo-fioritura-julio","17":"pa_periodo-fioritura-junio","18":"pa_periodo-fioritura-mayo","19":"pa_periodo-fioritura-septiembre","20":"pa_portamento-enredadera","21":"pa_profumo-intenso-es","22":"pa_resistenza-climatica-media-elevada","23":"pa_utilizzo-balcones","24":"pa_utilizzo-parques","25":"pa_utilizzo-pequenos-jardines","27":"first","28":"instock","29":"purchasable","30":"product-type-simple"},"acf":[],"_links":{"self":[{"href":"https:\/\/innocentiemangonipiante.it\/es\/wp-json\/wp\/v2\/product\/68700","targetHints":{"allow":["GET"]}}],"collection":[{"href":"https:\/\/innocentiemangonipiante.it\/es\/wp-json\/wp\/v2\/product"}],"about":[{"href":"https:\/\/innocentiemangonipiante.it\/es\/wp-json\/wp\/v2\/types\/product"}],"wp:featuredmedia":[{"embeddable":true,"href":"https:\/\/innocentiemangonipiante.it\/es\/wp-json\/wp\/v2\/media\/68323"}],"wp:attachment":[{"href":"https:\/\/innocentiemangonipiante.it\/es\/wp-json\/wp\/v2\/media?parent=68700"}],"wp:term":[{"taxonomy":"product_brand","embeddable":true,"href":"https:\/\/innocentiemangonipiante.it\/es\/wp-json\/wp\/v2\/product_brand?post=68700"},{"taxonomy":"product_cat","embeddable":true,"href":"https:\/\/innocentiemangonipiante.it\/es\/wp-json\/wp\/v2\/product_cat?post=68700"},{"taxonomy":"product_tag","embeddable":true,"href":"https:\/\/innocentiemangonipiante.it\/es\/wp-json\/wp\/v2\/product_tag?post=68700"}],"curies":[{"name":"wp","href":"https:\/\/api.w.org\/{rel}","templated":true}]}}