{"id":68702,"date":"2026-01-07T15:54:06","date_gmt":"2026-01-07T14:54:06","guid":{"rendered":"https:\/\/innocentiemangonipiante.it\/vitex-chicagoland-blues\/"},"modified":"2026-01-07T18:37:49","modified_gmt":"2026-01-07T17:37:49","slug":"vitex-chicagoland-blues","status":"publish","type":"product","link":"https:\/\/innocentiemangonipiante.it\/es\/vitex-chicagoland-blues\/","title":{"rendered":"VITEX &#8216;Chicagoland Blues&#8217; \u00ae"},"content":{"rendered":"<p>Variedad de forma redondeada y compacta. Flores excepcionalmente largas sobre tallos negros. Extremadamente tolerante a la sequ\u00eda y al fr\u00edo, y f\u00e1cil de mantener.<\/p>\n","protected":false},"excerpt":{"rendered":"<p>Variedad de forma redondeada y compacta. Flores excepcionalmente largas sobre tallos negros. Extremadamente tolerante a la sequ\u00eda y al fr\u00edo, y f\u00e1cil de mantener.<\/p>\n","protected":false},"featured_media":68435,"template":"","meta":{"_acf_changed":false},"product_brand":[],"product_cat":[8814],"product_tag":[10899],"class_list":{"0":"post-68702","1":"product","2":"type-product","3":"status-publish","4":"has-post-thumbnail","6":"product_cat-arboles-y-arbustos-de-hoja-caduca","7":"product_tag-natural-es","8":"pa_altezza-massima-0_50-metros","9":"pa_altezza-massima-150-es","10":"pa_colore-fioritura-violeta","11":"pa_famiglia-verbenaceae-es","12":"pa_genere-vitex-es","13":"pa_origine-origine-delle-piante-u-s-a-es","14":"pa_periodo-fioritura-agosto-es","15":"pa_periodo-fioritura-julio","16":"pa_portamento-arrotondato-es","17":"pa_resistenza-climatica-media-elevada","18":"pa_salinita-resistente-alla-salsedine-es","19":"pa_utilizzo-borduras","20":"pa_utilizzo-pequenos-jardines","22":"first","23":"instock","24":"purchasable","25":"product-type-simple"},"acf":[],"_links":{"self":[{"href":"https:\/\/innocentiemangonipiante.it\/es\/wp-json\/wp\/v2\/product\/68702","targetHints":{"allow":["GET"]}}],"collection":[{"href":"https:\/\/innocentiemangonipiante.it\/es\/wp-json\/wp\/v2\/product"}],"about":[{"href":"https:\/\/innocentiemangonipiante.it\/es\/wp-json\/wp\/v2\/types\/product"}],"wp:featuredmedia":[{"embeddable":true,"href":"https:\/\/innocentiemangonipiante.it\/es\/wp-json\/wp\/v2\/media\/68435"}],"wp:attachment":[{"href":"https:\/\/innocentiemangonipiante.it\/es\/wp-json\/wp\/v2\/media?parent=68702"}],"wp:term":[{"taxonomy":"product_brand","embeddable":true,"href":"https:\/\/innocentiemangonipiante.it\/es\/wp-json\/wp\/v2\/product_brand?post=68702"},{"taxonomy":"product_cat","embeddable":true,"href":"https:\/\/innocentiemangonipiante.it\/es\/wp-json\/wp\/v2\/product_cat?post=68702"},{"taxonomy":"product_tag","embeddable":true,"href":"https:\/\/innocentiemangonipiante.it\/es\/wp-json\/wp\/v2\/product_tag?post=68702"}],"curies":[{"name":"wp","href":"https:\/\/api.w.org\/{rel}","templated":true}]}}