{"id":68706,"date":"2026-01-07T15:55:22","date_gmt":"2026-01-07T14:55:22","guid":{"rendered":"https:\/\/innocentiemangonipiante.it\/cephalanthus-occidentalis-fiber-optics-fe\/"},"modified":"2026-01-07T18:38:24","modified_gmt":"2026-01-07T17:38:24","slug":"cephalanthus-occidentalis-fiber-optics-fe","status":"publish","type":"product","link":"https:\/\/innocentiemangonipiante.it\/es\/cephalanthus-occidentalis-fiber-optics-fe\/","title":{"rendered":"CEPHALANTHUS occidentalis &#8216;Fiber Optics&#8217; FE \u00ae"},"content":{"rendered":"<p>Arbusto caducifolio y tupido. A principios de oto\u00f1o aparecen peque\u00f1as flores estrechas de color blanco crema, perfumadas, agrupadas en esferas densas y sim\u00e9tricas, cubiertas de largos estambres. Le siguen bayas rojas que persisten hasta el oto\u00f1o.<\/p>\n","protected":false},"excerpt":{"rendered":"<p>Arbusto caducifolio y tupido. A principios de oto\u00f1o aparecen peque\u00f1as flores estrechas de color blanco crema, perfumadas, agrupadas en esferas densas y sim\u00e9tricas, cubiertas de largos estambres. Le siguen bayas rojas que persisten hasta el oto\u00f1o.<\/p>\n","protected":false},"featured_media":68484,"template":"","meta":{"_acf_changed":false},"product_brand":[],"product_cat":[8312],"product_tag":[10899],"class_list":{"0":"post-68706","1":"product","2":"type-product","3":"status-publish","4":"has-post-thumbnail","6":"product_cat-sin-categoria","7":"product_tag-natural-es","8":"pa_altezza-massima-150-es","9":"pa_colore-fioritura-blanco","10":"pa_famiglia-rubiaceae-es","11":"pa_genere-cephalanthus","12":"pa_origine-origine-delle-piante-u-s-a-es","13":"pa_periodo-fioritura-agosto-es","14":"pa_periodo-fioritura-septiembre","15":"pa_portamento-arrotondato-es","16":"pa_resistenza-climatica-muy-elevada","17":"pa_utilizzo-parques","18":"pa_utilizzo-pequenos-jardines","20":"first","21":"instock","22":"purchasable","23":"product-type-simple"},"acf":[],"_links":{"self":[{"href":"https:\/\/innocentiemangonipiante.it\/es\/wp-json\/wp\/v2\/product\/68706","targetHints":{"allow":["GET"]}}],"collection":[{"href":"https:\/\/innocentiemangonipiante.it\/es\/wp-json\/wp\/v2\/product"}],"about":[{"href":"https:\/\/innocentiemangonipiante.it\/es\/wp-json\/wp\/v2\/types\/product"}],"wp:featuredmedia":[{"embeddable":true,"href":"https:\/\/innocentiemangonipiante.it\/es\/wp-json\/wp\/v2\/media\/68484"}],"wp:attachment":[{"href":"https:\/\/innocentiemangonipiante.it\/es\/wp-json\/wp\/v2\/media?parent=68706"}],"wp:term":[{"taxonomy":"product_brand","embeddable":true,"href":"https:\/\/innocentiemangonipiante.it\/es\/wp-json\/wp\/v2\/product_brand?post=68706"},{"taxonomy":"product_cat","embeddable":true,"href":"https:\/\/innocentiemangonipiante.it\/es\/wp-json\/wp\/v2\/product_cat?post=68706"},{"taxonomy":"product_tag","embeddable":true,"href":"https:\/\/innocentiemangonipiante.it\/es\/wp-json\/wp\/v2\/product_tag?post=68706"}],"curies":[{"name":"wp","href":"https:\/\/api.w.org\/{rel}","templated":true}]}}