{"id":18037,"date":"2017-05-01T12:15:00","date_gmt":"2017-05-01T10:15:00","guid":{"rendered":"http:\/\/innocentiemangonipiante.it\/?page_id=18037"},"modified":"2024-01-16T17:49:47","modified_gmt":"2024-01-16T16:49:47","slug":"technologies-modernes","status":"publish","type":"page","link":"https:\/\/innocentiemangonipiante.it\/fr\/technologies-modernes\/","title":{"rendered":"Technologies modernes"},"content":{"rendered":"<h1>Technologies innovantes pour la culture des plantes<\/h1>\n<div>\n<p>L\u2019un de nos objectifs est d\u2019accompagner de plus en plus la grande connaissance que nous avons acquise dans ce secteur des technologies de culture les plus modernes existantes.<\/p>\n<\/div>\n<h3><strong>Technologie GPS<\/strong><\/h3>\n<div>\n<p>Plantation des p\u00e9pini\u00e8res de pleine terre gr\u00e2ce \u00e0 l\u2019utilisation de <strong>technologies g\u00e9or\u00e9f\u00e9renc\u00e9es.<\/strong><\/p>\n<\/div>\n<h3><strong>Technologie Air-Pot<\/strong><\/h3>\n<div>Culture hors sol de grands sp\u00e9cimens avec le syst\u00e8me efficace <strong>Air-Pot<\/strong> avec lequel nous garantissons le meilleur d\u00e9veloppement de l\u2019appareil racinaire et r\u00e9duisons au minimum le risque de greffe, irrigation localis\u00e9e sur la totalit\u00e9 de nos aires de production.<\/div>\n<ul>\n<li>\n<p>        <img decoding=\"async\" src=\"\/wp-content\/uploads\/2023\/07\/DJI_0006-scaled.jpg\" alt=\"serra giovani piante\" title=\"\"><\/p>\n<h3>Vivaio 1<\/h3>\n<\/li>\n<li>\n<p>        <img decoding=\"async\" src=\"\/wp-content\/uploads\/2023\/07\/coltivazione-in-piena-terra9.jpg\" alt=\"giovani piante in serra\" title=\"\"><\/p>\n<h3>Vivaio 2<\/h3>\n<\/li>\n<\/ul>\n<ul>\n<li>\n<p>        <img decoding=\"async\" src=\"\/wp-content\/uploads\/2020\/07\/tecnologie-all-avanguardia5.jpg\" alt=\"\" title=\"\"><\/p>\n<h3>tecnologie-all-avanguardia5<\/h3>\n<\/li>\n<li>\n<p>        <img decoding=\"async\" src=\"\/wp-content\/uploads\/2020\/07\/tecnologie-all-avanguardia3.jpg\" alt=\"\" title=\"\"><\/p>\n<h3>tecnologie-all-avanguardia3<\/h3>\n<\/li>\n<li>\n<p>        <img decoding=\"async\" src=\"\/wp-content\/uploads\/2020\/07\/tecnologie-all-avanguardia4.jpg\" alt=\"\" title=\"\"><\/p>\n<h3>tecnologie-all-avanguardia4<\/h3>\n<\/li>\n<li>\n<p>        <img decoding=\"async\" src=\"\/wp-content\/uploads\/2023\/07\/tecnologie-all-avanguardia3.jpg\" alt=\"\" title=\"\"><\/p>\n<h3>tecnologie-all-avanguardia3<\/h3>\n<\/li>\n<li>\n<p>        <img decoding=\"async\" src=\"\/wp-content\/uploads\/2023\/07\/tecnologie-all-avanguardia4.jpg\" alt=\"\" title=\"\"><\/p>\n<h3>tecnologie-all-avanguardia4<\/h3>\n<\/li>\n<li>\n<p>        <img decoding=\"async\" src=\"\/wp-content\/uploads\/2023\/07\/tecnologie-all-avanguardia1.jpg\" alt=\"\" title=\"\"><\/p>\n<h3>tecnologie-all-avanguardia1<\/h3>\n<\/li>\n<\/ul>\n<p><!--more--><br \/>\n<!-- {\"name\":\"COLTIVIAMO LA QUALITA\",\"type\":\"layout\",\"children\":[{\"name\":\"Hero\",\"type\":\"section\",\"props\":{\"header_transparent\":\"dark\",\"header_transparent_noplaceholder\":true,\"height\":\"percent\",\"image\":\"wp-content\\\/uploads\\\/2023\\\/07\\\/iem-piante-vivaio.jpg\",\"image_position\":\"center-center\",\"image_size\":\"cover\",\"image_width\":\"2560\",\"overlap\":false,\"padding\":\"xlarge\",\"style\":\"secondary\",\"title_breakpoint\":\"xl\",\"title_position\":\"top-left\",\"title_rotation\":\"left\",\"vertical_align\":\"middle\",\"video_height\":\"1200\",\"width\":\"\"},\"children\":[{\"type\":\"row\",\"children\":[{\"type\":\"column\",\"props\":{\"image_position\":\"center-center\",\"position_sticky_breakpoint\":\"m\",\"width_medium\":\"1-1\"}}]}]},{\"name\":\"About\",\"type\":\"section\",\"props\":{\"animation\":\"fade\",\"image_position\":\"center-center\",\"overlap\":true,\"padding\":\"xlarge\",\"style\":\"default\",\"title_breakpoint\":\"xl\",\"title_position\":\"top-left\",\"title_rotation\":\"left\",\"vertical_align\":\"middle\",\"width\":\"large\"},\"children\":[{\"type\":\"row\",\"props\":{\"column_gap\":\"large\",\"layout\":\"1-2,1-2\",\"row_gap\":\"large\"},\"children\":[{\"type\":\"column\",\"props\":{\"image_position\":\"center-center\",\"position_sticky_breakpoint\":\"m\",\"width_medium\":\"1-2\"},\"children\":[{\"type\":\"headline\",\"props\":{\"content\":\"Technologies innovantes pour la culture des plantes\",\"margin\":\"remove-vertical\",\"title_color\":\"primary\",\"title_element\":\"h1\",\"title_style\":\"heading-small\"}},{\"type\":\"text\",\"props\":{\"column_breakpoint\":\"m\",\"content\":\"\n\n<p>L\\u2019un de nos objectifs est d\\u2019accompagner de plus en plus la grande connaissance que nous avons acquise dans ce secteur des technologies de culture les plus modernes existantes.<\\\/p>\",\"margin\":\"default\"}},{\"type\":\"headline\",\"props\":{\"content\":\"<strong>Technologie GPS<\\\/strong>\",\"margin\":\"remove-vertical\",\"title_element\":\"h3\",\"title_style\":\"h3\"}},{\"type\":\"text\",\"props\":{\"column_breakpoint\":\"m\",\"content\":\"\n\n<p>Plantation des p\\u00e9pini\\u00e8res de pleine terre gr\\u00e2ce \\u00e0 l\\u2019utilisation de <strong>technologies g\\u00e9or\\u00e9f\\u00e9renc\\u00e9es.<\\\/strong><\\\/p>\",\"margin\":\"default\"}},{\"type\":\"headline\",\"props\":{\"content\":\"<strong>Technologie Air-Pot<\\\/strong>\",\"margin\":\"remove-vertical\",\"title_element\":\"h3\",\"title_style\":\"h3\"}},{\"type\":\"text\",\"props\":{\"column_breakpoint\":\"m\",\"content\":\"Culture hors sol de grands sp\\u00e9cimens avec le syst\\u00e8me efficace <strong>Air-Pot<\\\/strong> avec lequel nous garantissons le meilleur d\\u00e9veloppement de l\\u2019appareil racinaire et r\\u00e9duisons au minimum le risque de greffe, irrigation localis\\u00e9e sur la totalit\\u00e9 de nos aires de production.\",\"margin\":\"default\"}}]},{\"type\":\"column\",\"props\":{\"image_position\":\"center-center\",\"position_sticky_breakpoint\":\"m\",\"width_medium\":\"1-2\"},\"children\":[{\"type\":\"gallery\",\"props\":{\"class\":\"uk-hidden-touch\",\"css\":\".el-element .el-item > :nth-child(2) { z-index: 1; }\",\"filter\":false,\"filter_align\":\"left\",\"filter_all\":true,\"filter_grid_breakpoint\":\"m\",\"filter_grid_width\":\"auto\",\"filter_position\":\"top\",\"filter_style\":\"tab\",\"grid_column_gap\":\"small\",\"grid_default\":\"2\",\"grid_medium\":\"2\",\"grid_row_gap\":\"small\",\"image_height\":\"1000\",\"image_width\":\"610\",\"item_animation\":true,\"lightbox\":true,\"link_style\":\"default\",\"link_text\":\"\",\"margin\":\"default\",\"meta_align\":\"below-title\",\"meta_element\":\"div\",\"meta_style\":\"text-meta\",\"overlay_hover\":false,\"overlay_link\":true,\"overlay_mode\":\"caption\",\"overlay_position\":\"top\",\"overlay_style\":\"overlay-primary\",\"overlay_transition\":\"fade\",\"parallax_easing\":\"1\",\"show_content\":true,\"show_hover_image\":true,\"show_link\":true,\"show_meta\":false,\"show_title\":false,\"text_align\":\"center\",\"text_color\":\"light\",\"title_element\":\"h3\",\"title_hover_style\":\"reset\"},\"children\":[{\"type\":\"gallery_item\",\"props\":{\"hover_image\":\"\",\"image\":\"wp-content\\\/uploads\\\/2023\\\/07\\\/DJI_0006-scaled.jpg\",\"image_alt\":\"serra giovani piante\",\"title\":\"Vivaio 1\"}},{\"type\":\"gallery_item\",\"props\":{\"hover_image\":\"\",\"image\":\"wp-content\\\/uploads\\\/2023\\\/07\\\/coltivazione-in-piena-terra9.jpg\",\"image_alt\":\"giovani piante in serra\",\"title\":\"Vivaio 2\"}}]}]}]}]},{\"type\":\"section\",\"props\":{\"animation\":\"fade\",\"animation_delay\":\"100\",\"image_position\":\"center-center\",\"padding_remove_bottom\":true,\"style\":\"primary\",\"title_breakpoint\":\"xl\",\"title_position\":\"top-left\",\"title_rotation\":\"left\",\"vertical_align\":\"middle\",\"width\":\"\"},\"children\":[{\"type\":\"row\",\"children\":[{\"type\":\"column\",\"props\":{\"image_position\":\"center-center\",\"position_sticky_breakpoint\":\"m\"},\"children\":[{\"type\":\"headline\",\"props\":{\"text_align\":\"center\",\"title_decoration\":\"line\",\"title_element\":\"h2\",\"title_style\":\"h2\"},\"source\":{\"query\":{\"name\":\"pages.singlePage\"},\"props\":{\"content\":{\"filters\":{\"search\":\"\"},\"name\":\"title\"}}}},{\"type\":\"gallery\",\"props\":{\"filter_align\":\"left\",\"filter_all\":true,\"filter_grid_breakpoint\":\"m\",\"filter_grid_width\":\"auto\",\"filter_position\":\"top\",\"filter_style\":\"tab\",\"grid_column_gap\":\"collapse\",\"grid_default\":\"2\",\"grid_medium\":\"3\",\"grid_row_gap\":\"collapse\",\"image_height\":\"600\",\"image_width\":\"900\",\"item_animation\":true,\"link_style\":\"default\",\"link_text\":\"Read more\",\"margin\":\"default\",\"meta_align\":\"below-title\",\"meta_element\":\"div\",\"meta_style\":\"text-meta\",\"overlay_hover\":false,\"overlay_mode\":\"cover\",\"overlay_position\":\"center\",\"overlay_style\":\"\",\"overlay_transition\":\"fade\",\"show_content\":false,\"show_hover_image\":true,\"show_link\":true,\"show_meta\":false,\"show_title\":false,\"text_align\":\"center\",\"text_color\":\"light\",\"title_element\":\"h3\",\"title_hover_style\":\"reset\"},\"children\":[{\"type\":\"gallery_item\",\"props\":{\"image\":\"wp-content\\\/uploads\\\/2020\\\/07\\\/tecnologie-all-avanguardia5.jpg\",\"title\":\"tecnologie-all-avanguardia5\"}},{\"type\":\"gallery_item\",\"props\":{\"image\":\"wp-content\\\/uploads\\\/2020\\\/07\\\/tecnologie-all-avanguardia3.jpg\",\"title\":\"tecnologie-all-avanguardia3\"}},{\"type\":\"gallery_item\",\"props\":{\"image\":\"wp-content\\\/uploads\\\/2020\\\/07\\\/tecnologie-all-avanguardia4.jpg\",\"title\":\"tecnologie-all-avanguardia4\"}},{\"type\":\"gallery_item\",\"props\":{\"image\":\"wp-content\\\/uploads\\\/2023\\\/07\\\/tecnologie-all-avanguardia3.jpg\",\"title\":\"tecnologie-all-avanguardia3\"}},{\"type\":\"gallery_item\",\"props\":{\"image\":\"wp-content\\\/uploads\\\/2023\\\/07\\\/tecnologie-all-avanguardia4.jpg\",\"title\":\"tecnologie-all-avanguardia4\"}},{\"type\":\"gallery_item\",\"props\":{\"image\":\"wp-content\\\/uploads\\\/2023\\\/07\\\/tecnologie-all-avanguardia1.jpg\",\"title\":\"tecnologie-all-avanguardia1\"}}]}]}]}],\"name\":\"galleria pie di pagina\"}],\"version\":\"4.2.11\",\"yooessentialsVersion\":\"2.1.5\"} --><\/p>\n","protected":false},"excerpt":{"rendered":"<p>Technologies innovantes pour la culture des plantes L\u2019un de nos objectifs est d\u2019accompagner de plus en plus la grande connaissance que nous avons acquise dans ce secteur des technologies de culture les plus modernes existantes. Technologie GPS Plantation des p\u00e9pini\u00e8res de pleine terre gr\u00e2ce \u00e0 l\u2019utilisation de technologies g\u00e9or\u00e9f\u00e9renc\u00e9es. Technologie Air-Pot Culture hors sol de [&hellip;]<\/p>\n","protected":false},"author":2,"featured_media":0,"parent":0,"menu_order":3,"comment_status":"open","ping_status":"open","template":"","meta":{"_acf_changed":false,"footnotes":""},"class_list":["post-18037","page","type-page","status-publish","hentry"],"acf":[],"_links":{"self":[{"href":"https:\/\/innocentiemangonipiante.it\/fr\/wp-json\/wp\/v2\/pages\/18037","targetHints":{"allow":["GET"]}}],"collection":[{"href":"https:\/\/innocentiemangonipiante.it\/fr\/wp-json\/wp\/v2\/pages"}],"about":[{"href":"https:\/\/innocentiemangonipiante.it\/fr\/wp-json\/wp\/v2\/types\/page"}],"author":[{"embeddable":true,"href":"https:\/\/innocentiemangonipiante.it\/fr\/wp-json\/wp\/v2\/users\/2"}],"replies":[{"embeddable":true,"href":"https:\/\/innocentiemangonipiante.it\/fr\/wp-json\/wp\/v2\/comments?post=18037"}],"version-history":[{"count":0,"href":"https:\/\/innocentiemangonipiante.it\/fr\/wp-json\/wp\/v2\/pages\/18037\/revisions"}],"wp:attachment":[{"href":"https:\/\/innocentiemangonipiante.it\/fr\/wp-json\/wp\/v2\/media?parent=18037"}],"curies":[{"name":"wp","href":"https:\/\/api.w.org\/{rel}","templated":true}]}}